{"id":11,"date":"2024-12-04T10:24:08","date_gmt":"2024-12-04T02:24:08","guid":{"rendered":"http:\/\/themetest3.local\/?page_id=11"},"modified":"2026-03-11T08:55:46","modified_gmt":"2026-03-11T00:55:46","slug":"video-case","status":"publish","type":"page","link":"http:\/\/www.motorassembly.com\/es\/video-case-html","title":{"rendered":"Caso de v\u00eddeo"},"content":{"rendered":"<section class=\"wp-block-themepark-block-themepark-area block_layout thempark-block undefined bom100 top100\" id=\"\" style=\"padding-top:300px;height:700px;box-sizing: border-box;width: 100%;\" data-swiper-parallax=\"-700\"><div class=\"block_layout_in\" style=\"\">\n<div class=\"wp-block-column block_layout_in is-layout-flow wp-block-column-is-layout-flow\">\n<h1 class=\"wp-block-heading has-monte-white-color has-text-color has-link-color has-bonkers-font-size wp-elements-62d427aef37b758818faa26fd963a13d\" style=\"text-transform:uppercase\">V\u00eddeo del caso<br>Soluci\u00f3n integral para la producci\u00f3n automatizada de motores<\/h1>\n\n\n\n<div class=\"wp-block-themepark-block-themepark-xian theme_fang_out  top10\" style=\"text-align:left;padding-top:243px;\"><div class=\"fangbox\" style=\"width:undefinedpx;\"><\/div><\/div>\n\n\n\n<div class=\"wp-block-themepark-block-themepark-wright content-super-p\" style=\"font-size:16px;line-height:20px;color:#ffffff;padding:10px 1px;\">\n<div class=\"wp-block-column is-layout-flow wp-block-column-is-layout-flow\">\n <div class=\"block_breadcrumbs\"><div class=\"breadcrumbs\"><nav> <a itemprop=\"breadcrumb\" href=\"http:\/\/www.motorassembly.com\/es\">fig. principio<\/a> \/ <span class=\"current\">P\u00e1gina<\/span><\/nav><\/div><\/div>\n<\/div>\n<\/div>\n<\/div>\n<\/div><div class=\"layout_badh\"><div class=\"shizhezhao\" style=\"opacity:0.5;background-color:#6e6565;\"><\/div><div class=\"PcOnly themepark-block_layout_ba lazyload swiper-lazy\" style=\"background-attachment:fixed;background-position:center;\" data-background=\"http:\/\/motorassembly.com\/wp-content\/uploads\/2026\/01\/\u9a71\u52a8\u7535\u673a\u81ea\u52a8\u5316\u751f\u4ea7\u7ebf-1.jpg\"><\/div><div class=\"MovePnly themepark-block_layout_ba lazyload swiper-move-lazy\" style=\"background-attachment:fixed;background-position:center;\" data-background=\"http:\/\/motorassembly.com\/wp-content\/uploads\/2026\/01\/\u9a71\u52a8\u7535\u673a\u81ea\u52a8\u5316\u751f\u4ea7\u7ebf-1.jpg\"><\/div><\/div><\/section>\n\n\n\n<div class=\"wp-block-themepark-block-themepark-widgets themepark-widgets-layout\" style=\"background:#ffffff;\"><div class=\"themepark-widgets-layout-in\" style=\"max-width: 1885px;\"><span class=\"movezkbtn\"><div class=\"movezkbtn-in\"><i class=\"fas fa-list-alt\"><\/i>Ampliar la categor\u00eda de productos<\/div><\/span><aside class=\"themepark-widgets-aside\" style=\"border-right: 1px solid #010000;padding-bottom:34px;padding-top:85px;width:21%;\"><div class=\"close\"><i class=\"fas fa-times\"><\/i><\/div><div class=\"wiget-colm\"><div class=\"wiget-colm_in\"><div class=\"move_open_btn\">Ampliar <i class=\"fa fa-angle-double-down\"><\/i><\/div><div class=\"contaside\"> <div class=\"modle_box    index_nav    gbzk\" >    \r\n\r\n<div class=\"modle_box_title\">\r\n\r\n\r\n\r\n\t\r\n<\/div>\r\n<ul class=\"index_nav_ul\">\r\n<li id=\"menu-item-2142\"  class=\"mu-slide   depth0 menu-item menu-item-type-taxonomy menu-item-object-category noft\"><a class=\"mu_a\"  href=\"http:\/\/www.motorassembly.com\/es\/category\/new-energy-motor-automation-production-line\"><span class=\"nusw obk\">L\u00ednea de producci\u00f3n automatizada de motores de nueva energ\u00eda<\/span><\/a><i class=\"mu_i\"><\/i><\/li>\n<li id=\"menu-item-2133\"  class=\"mu-slide   depth0 menu-item menu-item-type-taxonomy menu-item-object-category noft\"><a class=\"mu_a\"  href=\"http:\/\/www.motorassembly.com\/es\/category\/brushless-motor-automation-production-line\"><span class=\"nusw obk\">L\u00ednea de producci\u00f3n automatizada de motores sin escobillas<\/span><\/a><i class=\"mu_i\"><\/i><\/li>\n<li id=\"menu-item-2129\"  class=\"mu-slide   depth0 menu-item menu-item-type-taxonomy menu-item-object-category noft\"><a class=\"mu_a\"  href=\"http:\/\/www.motorassembly.com\/es\/category\/brush-motor-automation-production-line\"><span class=\"nusw obk\">L\u00ednea de producci\u00f3n automatizada de motores de escobillas<\/span><\/a><i class=\"mu_i\"><\/i><\/li>\n<li id=\"menu-item-1359\"  class=\"mu-slide   depth0 menu-item menu-item-type-taxonomy menu-item-object-category noft\"><a class=\"mu_a\"  href=\"http:\/\/www.motorassembly.com\/es\/category\/motor-magnetization-machine\"><span class=\"nusw obk\">Magnetizador de motor<\/span><\/a><i class=\"mu_i\"><\/i><\/li>\n<li id=\"menu-item-1360\"  class=\"mu-slide   depth0 menu-item menu-item-type-taxonomy menu-item-object-category noft\"><a class=\"mu_a\"  href=\"http:\/\/www.motorassembly.com\/es\/category\/motor-winding-machine\"><span class=\"nusw obk\">Bobinadora de motores<\/span><\/a><i class=\"mu_i\"><\/i><\/li>\n<li id=\"menu-item-2132\"  class=\"mu-slide   depth0 menu-item menu-item-type-taxonomy menu-item-object-category noft\"><a class=\"mu_a\"  href=\"http:\/\/www.motorassembly.com\/es\/category\/electric-motor-magnet-insertion-machine\"><span class=\"nusw obk\">M\u00e1quina magn\u00e9tica de inserci\u00f3n de motores<\/span><\/a><i class=\"mu_i\"><\/i><\/li>\n<\/ul>\r\n\r\n<\/div>\r\n\r\n        <\/div><\/div><\/div><div class=\"themepark-widgets-aside-b\" style=\"background:#ffffff;\"><\/div><\/aside><div class=\"themepark-widgets-innerbox\" style=\"width:79%;\">\n<div class=\"wp-block-column is-layout-flow wp-block-column-is-layout-flow\">\n<section class=\"wp-block-themepark-block-themepark-area block_layout thempark-block undefined bom20 top20\" id=\"\" style=\"padding-bottom:51px;padding-top:51px;\" data-swiper-parallax=\"-700\"><div class=\"block_layout_in\" style=\"\">\n<div class=\"wp-block-column block_layout_in is-layout-flow wp-block-column-is-layout-flow\">\n<div class=\"wp-block-themepark-block-themepark-wright content-super-p\" style=\"font-size:24px;line-height:20px;padding:10px 10px;\">\n<div class=\"wp-block-column is-layout-flow wp-block-column-is-layout-flow\">\n<h1 class=\"wp-block-themepark-block-themepark-shortcode\"><\/h1>\n<\/div>\n<\/div>\n\n\n\n<p><\/p>\n\n\n\n<p><\/p>\n\n\n<div class=\"product_loop  zhong  radius   mian_loop\" id=\"pro_list_3\"><div class=\"product_post   h_w\" style=\"background-color:#ffffff;\"><a href=\"http:\/\/www.motorassembly.com\/es\/video-case\/2447.html\" class=\"product_pic postatty\" ><img loading=\"lazy\" decoding=\"async\" class=\"lazyload\" src=\"http:\/\/www.motorassembly.com\/wp-content\/themes\/smartenterprise\/images\/loadings.png\" data-src=\"http:\/\/www.motorassembly.com\/wp-content\/uploads\/2026\/03\/\u6c7d\u8f66\u5ea7\u6905\u7535\u673a\u81ea\u52a8\u5316\u751f\u4ea7\u7ebf.jpg\" width=\"1000\" height=\"500\" alt=\"JiuJu le lleva a desmontar a c\u00e1mara lenta la cadena de producci\u00f3n automatizada del motor de un autom\u00f3vil.\" title=\"JiuJu le lleva a desmontar a c\u00e1mara lenta la cadena de producci\u00f3n automatizada del motor de un autom\u00f3vil.\"\/><\/a><div class=\"product_info\"><h3 class=\"pro_title\"><a href=\"http:\/\/www.motorassembly.com\/es\/video-case\/2447.html\">JiuJu le lleva a desmontar a c\u00e1mara lenta la cadena de producci\u00f3n automatizada del motor de un autom\u00f3vil.<\/a><\/h3><a  class=\"probtn\"href=\"http:\/\/www.motorassembly.com\/es\/video-case\/2447.html\"><i class=\"fas fa-chevron-circle-right\"><\/i>Informaci\u00f3n detallada<\/a><\/div><\/div><div class=\"product_post   h_w\" style=\"background-color:#ffffff;\"><a href=\"http:\/\/www.motorassembly.com\/es\/video-case\/2443.html\" class=\"product_pic postatty\" ><img loading=\"lazy\" decoding=\"async\" class=\"lazyload\" src=\"http:\/\/www.motorassembly.com\/wp-content\/themes\/smartenterprise\/images\/loadings.png\" data-src=\"http:\/\/www.motorassembly.com\/wp-content\/uploads\/2026\/03\/\u4e45\u5de8-\u7535\u673a\u81ea\u52a8\u63d2\u78c1\u94a2\u673a\u5de5\u4e1a\u7ec4\u88c5\u6d41\u7a0b.jpg\" width=\"1000\" height=\"500\" alt=\"\u00bfSiempre tiene problemas para insertar imanes en el motor? Un v\u00eddeo le muestra el proceso de inserci\u00f3n de un im\u00e1n...\" title=\"\u00bfSiempre tiene problemas para insertar imanes en el motor? Un v\u00eddeo le muestra el proceso de inserci\u00f3n de un im\u00e1n...\"\/><\/a><div class=\"product_info\"><h3 class=\"pro_title\"><a href=\"http:\/\/www.motorassembly.com\/es\/video-case\/2443.html\">El motor de inserci\u00f3n magn\u00e9tica contorno m\u00e1quina de inserci\u00f3n magn\u00e9tica siempre tienen problemas? Un v\u00eddeo le muestra el proceso de inserci\u00f3n.<\/a><\/h3><a  class=\"probtn\"href=\"http:\/\/www.motorassembly.com\/es\/video-case\/2443.html\"><i class=\"fas fa-chevron-circle-right\"><\/i>Informaci\u00f3n detallada<\/a><\/div><\/div><div class=\"product_post   h_w\" style=\"background-color:#ffffff;\"><a href=\"http:\/\/www.motorassembly.com\/es\/motor-magnetization-machine\/1932.html\" class=\"product_pic postatty\" ><img loading=\"lazy\" decoding=\"async\" class=\"lazyload\" src=\"http:\/\/www.motorassembly.com\/wp-content\/themes\/smartenterprise\/images\/loadings.png\" data-src=\"http:\/\/www.motorassembly.com\/wp-content\/uploads\/2026\/01\/\u7535\u673a\u5145\u78c1\u673a-2.jpg\" width=\"1000\" height=\"500\" alt=\"Aplicaci\u00f3n del magnetizador de motores de compresores de aire de cuatro estaciones: la magnetizaci\u00f3n de alta...\" title=\"Aplicaci\u00f3n del magnetizador de motores de compresores de aire de cuatro estaciones: la magnetizaci\u00f3n de alta...\"\/><\/a><div class=\"product_info\"><h3 class=\"pro_title\"><a href=\"http:\/\/www.motorassembly.com\/es\/motor-magnetization-machine\/1932.html\">Caso de aplicaci\u00f3n del magnetizador de motores de compresores de aire de cuatro estaciones: la magnetizaci\u00f3n de alta eficacia permite a la l\u00ednea de producci\u00f3n de motores mejorar la calidad y reducir los costes.<\/a><\/h3><a  class=\"probtn\"href=\"http:\/\/www.motorassembly.com\/es\/motor-magnetization-machine\/1932.html\"><i class=\"fas fa-chevron-circle-right\"><\/i>Informaci\u00f3n detallada<\/a><\/div><\/div><div class=\"product_post   h_w\" style=\"background-color:#ffffff;\"><a href=\"http:\/\/www.motorassembly.com\/es\/video-case\/1776.html\" class=\"product_pic postatty\" ><img loading=\"lazy\" decoding=\"async\" class=\"lazyload\" src=\"http:\/\/www.motorassembly.com\/wp-content\/themes\/smartenterprise\/images\/loadings.png\" data-src=\"http:\/\/www.motorassembly.com\/wp-content\/uploads\/2026\/01\/\u7535\u673a\u8f6c\u5b50\u6d78\u80f6\u673a.jpg\" width=\"1000\" height=\"500\" alt=\"Motor artificial de inmersi\u00f3n burbuja \u00bfc\u00f3mo hacer? JiuJu motor rotor inmersi\u00f3n m\u00e1quina Ultimate...\" title=\"Motor artificial de inmersi\u00f3n burbuja \u00bfc\u00f3mo hacer? JiuJu motor rotor inmersi\u00f3n m\u00e1quina Ultimate...\"\/><\/a><div class=\"product_info\"><h3 class=\"pro_title\"><a href=\"http:\/\/www.motorassembly.com\/es\/video-case\/1776.html\">Manual de motor de inmersi\u00f3n burbuja \u00bfc\u00f3mo hacer? JiuJu motor rotor m\u00e1quina de inmersi\u00f3n para poner fin al proceso de producci\u00f3n del motor dilema<\/a><\/h3><a  class=\"probtn\"href=\"http:\/\/www.motorassembly.com\/es\/video-case\/1776.html\"><i class=\"fas fa-chevron-circle-right\"><\/i>Informaci\u00f3n detallada<\/a><\/div><\/div><div class=\"product_post   h_w\" style=\"background-color:#ffffff;\"><a href=\"http:\/\/www.motorassembly.com\/es\/video-case\/1772.html\" class=\"product_pic postatty\" ><img loading=\"lazy\" decoding=\"async\" class=\"lazyload\" src=\"http:\/\/www.motorassembly.com\/wp-content\/themes\/smartenterprise\/images\/loadings.png\" data-src=\"http:\/\/www.motorassembly.com\/wp-content\/uploads\/2026\/01\/\u6c7d\u8f66\u5ea7\u6905\u7535\u673a\u81ea\u52a8\u5316\u751f\u4ea7\u7ebf.jpg\" width=\"1000\" height=\"500\" alt=\"L\u00ednea de producci\u00f3n automatizada para motores de asientos de autom\u00f3viles Ventajas principales Precisi\u00f3n,...\" title=\"L\u00ednea de producci\u00f3n automatizada para motores de asientos de autom\u00f3viles Ventajas principales Precisi\u00f3n,...\"\/><\/a><div class=\"product_info\"><h3 class=\"pro_title\"><a href=\"http:\/\/www.motorassembly.com\/es\/video-case\/1772.html\">Ventajas principales de la l\u00ednea de producci\u00f3n automatizada para motores de asientos de autom\u00f3viles Precisi\u00f3n, alta eficiencia, bajas p\u00e9rdidas Control inteligente de todo el proceso<\/a><\/h3><a  class=\"probtn\"href=\"http:\/\/www.motorassembly.com\/es\/video-case\/1772.html\"><i class=\"fas fa-chevron-circle-right\"><\/i>Informaci\u00f3n detallada<\/a><\/div><\/div><div class=\"product_post   h_w\" style=\"background-color:#ffffff;\"><a href=\"http:\/\/www.motorassembly.com\/es\/video-case\/1768.html\" class=\"product_pic postatty\" ><img loading=\"lazy\" decoding=\"async\" class=\"lazyload\" src=\"http:\/\/www.motorassembly.com\/wp-content\/themes\/smartenterprise\/images\/loadings.png\" data-src=\"http:\/\/www.motorassembly.com\/wp-content\/uploads\/2026\/01\/\u5272\u8349\u673a\u7535\u673a\u81ea\u52a8\u751f\u4ea7\u7ebf.jpg\" width=\"1000\" height=\"500\" alt=\"L\u00ednea de producci\u00f3n autom\u00e1tica de motores para cortac\u00e9spedes Estrategia de reducci\u00f3n de costes: 4...\" title=\"L\u00ednea de producci\u00f3n autom\u00e1tica de motores para cortac\u00e9spedes Estrategia de reducci\u00f3n de costes: 4...\"\/><\/a><div class=\"product_info\"><h3 class=\"pro_title\"><a href=\"http:\/\/www.motorassembly.com\/es\/video-case\/1768.html\">Estrategia de reducci\u00f3n de costes de la l\u00ednea de producci\u00f3n autom\u00e1tica de motores cortac\u00e9sped: 4 v\u00edas fundamentales para reducir eficazmente los costes laborales<\/a><\/h3><a  class=\"probtn\"href=\"http:\/\/www.motorassembly.com\/es\/video-case\/1768.html\"><i class=\"fas fa-chevron-circle-right\"><\/i>Informaci\u00f3n detallada<\/a><\/div><\/div><\/div><\/div>\n<\/div><div class=\"layout_badh\"><\/div><\/section>\n<\/div>\n<\/div><\/div><\/div>","protected":false},"excerpt":{"rendered":"","protected":false},"author":1,"featured_media":0,"parent":0,"menu_order":0,"comment_status":"closed","ping_status":"closed","template":"","meta":{"themepark_post_bcolor":"#f5f5f5","themepark_post_width":"100% dong","themepark_post_img":"","themepark_post_img_po":"left","themepark_post_img_re":false,"themepark_post_img_cover":false,"themepark_post_img_fixed":false,"themepark_post_hide_title":true,"themepark_post_main_b":"","themepark_post_main_p":100,"themepark_paddingblock":true,"footnotes":""},"class_list":["post-11","page","type-page","status-publish","hentry"],"_links":{"self":[{"href":"http:\/\/www.motorassembly.com\/es\/wp-json\/wp\/v2\/pages\/11","targetHints":{"allow":["GET"]}}],"collection":[{"href":"http:\/\/www.motorassembly.com\/es\/wp-json\/wp\/v2\/pages"}],"about":[{"href":"http:\/\/www.motorassembly.com\/es\/wp-json\/wp\/v2\/types\/page"}],"author":[{"embeddable":true,"href":"http:\/\/www.motorassembly.com\/es\/wp-json\/wp\/v2\/users\/1"}],"replies":[{"embeddable":true,"href":"http:\/\/www.motorassembly.com\/es\/wp-json\/wp\/v2\/comments?post=11"}],"version-history":[{"count":25,"href":"http:\/\/www.motorassembly.com\/es\/wp-json\/wp\/v2\/pages\/11\/revisions"}],"predecessor-version":[{"id":2442,"href":"http:\/\/www.motorassembly.com\/es\/wp-json\/wp\/v2\/pages\/11\/revisions\/2442"}],"wp:attachment":[{"href":"http:\/\/www.motorassembly.com\/es\/wp-json\/wp\/v2\/media?parent=11"}],"curies":[{"name":"wp","href":"https:\/\/api.w.org\/{rel}","templated":true}]}}