{"id":11,"date":"2024-12-04T10:24:08","date_gmt":"2024-12-04T02:24:08","guid":{"rendered":"http:\/\/themetest3.local\/?page_id=11"},"modified":"2026-03-11T08:55:46","modified_gmt":"2026-03-11T00:55:46","slug":"video-case","status":"publish","type":"page","link":"http:\/\/www.motorassembly.com\/vi\/video-case.html","title":{"rendered":"V\u00ed d\u1ee5 video"},"content":{"rendered":"<section class=\"wp-block-themepark-block-themepark-area block_layout thempark-block undefined bom100 top100\" id=\"\" style=\"padding-top:300px;height:700px;box-sizing: border-box;width: 100%;\" data-swiper-parallax=\"-700\"><div class=\"block_layout_in\" style=\"\">\n<div class=\"wp-block-column block_layout_in is-layout-flow wp-block-column-is-layout-flow\">\n<h1 class=\"wp-block-heading has-monte-white-color has-text-color has-link-color has-bonkers-font-size wp-elements-62d427aef37b758818faa26fd963a13d\" style=\"text-transform:uppercase\">\u6848\u4f8b\u89c6\u9891<br>\u4e00\u7ad9\u5f0f\u7535\u673a\u81ea\u52a8\u5316\u751f\u4ea7\u7ebf\u89e3\u51b3\u65b9\u6848<\/h1>\n\n\n\n<div class=\"wp-block-themepark-block-themepark-xian theme_fang_out  top10\" style=\"text-align:left;padding-top:243px;\"><div class=\"fangbox\" style=\"width:undefinedpx;\"><\/div><\/div>\n\n\n\n<div class=\"wp-block-themepark-block-themepark-wright content-super-p\" style=\"font-size:16px;line-height:20px;color:#ffffff;padding:10px 1px;\">\n<div class=\"wp-block-column is-layout-flow wp-block-column-is-layout-flow\">\n <div class=\"block_breadcrumbs\"><div class=\"breadcrumbs\"><nav> <a itemprop=\"breadcrumb\" href=\"http:\/\/www.motorassembly.com\/vi\">Trang ch\u1ee7<\/a> \/ <span class=\"current\">Trang<\/span><\/nav><\/div><\/div>\n<\/div>\n<\/div>\n<\/div>\n<\/div><div class=\"layout_badh\"><div class=\"shizhezhao\" style=\"opacity:0.5;background-color:#6e6565;\"><\/div><div class=\"PcOnly themepark-block_layout_ba lazyload swiper-lazy\" style=\"background-attachment:fixed;background-position:center;\" data-background=\"http:\/\/motorassembly.com\/wp-content\/uploads\/2026\/01\/\u9a71\u52a8\u7535\u673a\u81ea\u52a8\u5316\u751f\u4ea7\u7ebf-1.jpg\"><\/div><div class=\"MovePnly themepark-block_layout_ba lazyload swiper-move-lazy\" style=\"background-attachment:fixed;background-position:center;\" data-background=\"http:\/\/motorassembly.com\/wp-content\/uploads\/2026\/01\/\u9a71\u52a8\u7535\u673a\u81ea\u52a8\u5316\u751f\u4ea7\u7ebf-1.jpg\"><\/div><\/div><\/section>\n\n\n\n<div class=\"wp-block-themepark-block-themepark-widgets themepark-widgets-layout\" style=\"background:#ffffff;\"><div class=\"themepark-widgets-layout-in\" style=\"max-width: 1885px;\"><span class=\"movezkbtn\"><div class=\"movezkbtn-in\"><i class=\"fas fa-list-alt\"><\/i>\u5c55\u5f00\u4ea7\u54c1\u5206\u7c7b<\/div><\/span><aside class=\"themepark-widgets-aside\" style=\"border-right: 1px solid #010000;padding-bottom:34px;padding-top:85px;width:21%;\"><div class=\"close\"><i class=\"fas fa-times\"><\/i><\/div><div class=\"wiget-colm\"><div class=\"wiget-colm_in\"><div class=\"move_open_btn\">\u5c55\u5f00\u66f4\u591a <i class=\"fa fa-angle-double-down\"><\/i><\/div><div class=\"contaside\"> <div class=\"modle_box    index_nav    gbzk\" >    \r\n\r\n<div class=\"modle_box_title\">\r\n\r\n\r\n\r\n\t\r\n<\/div>\r\n<ul class=\"index_nav_ul\">\r\n<li id=\"menu-item-2142\"  class=\"mu-slide   depth0 menu-item menu-item-type-taxonomy menu-item-object-category noft\"><a class=\"mu_a\"  href=\"http:\/\/www.motorassembly.com\/vi\/the-loai\/new-energy-motor-automation-production-line\"><span class=\"nusw obk\">D\u00e2y chuy\u1ec1n s\u1ea3n xu\u1ea5t t\u1ef1 \u0111\u1ed9ng \u0111\u1ed9ng c\u01a1 n\u0103ng l\u01b0\u1ee3ng m\u1edbi<\/span><\/a><i class=\"mu_i\"><\/i><\/li>\n<li id=\"menu-item-2133\"  class=\"mu-slide   depth0 menu-item menu-item-type-taxonomy menu-item-object-category noft\"><a class=\"mu_a\"  href=\"http:\/\/www.motorassembly.com\/vi\/the-loai\/brushless-motor-automation-production-line\"><span class=\"nusw obk\">D\u00e2y chuy\u1ec1n s\u1ea3n xu\u1ea5t t\u1ef1 \u0111\u1ed9ng \u0111\u1ed9ng c\u01a1 kh\u00f4ng ch\u1ed5i than<\/span><\/a><i class=\"mu_i\"><\/i><\/li>\n<li id=\"menu-item-2129\"  class=\"mu-slide   depth0 menu-item menu-item-type-taxonomy menu-item-object-category noft\"><a class=\"mu_a\"  href=\"http:\/\/www.motorassembly.com\/vi\/the-loai\/brush-motor-automation-production-line\"><span class=\"nusw obk\">D\u00e2y chuy\u1ec1n s\u1ea3n xu\u1ea5t t\u1ef1 \u0111\u1ed9ng cho \u0111\u1ed9ng c\u01a1 ch\u1ed5i than<\/span><\/a><i class=\"mu_i\"><\/i><\/li>\n<li id=\"menu-item-1359\"  class=\"mu-slide   depth0 menu-item menu-item-type-taxonomy menu-item-object-category noft\"><a class=\"mu_a\"  href=\"http:\/\/www.motorassembly.com\/vi\/the-loai\/motor-magnetization-machine\"><span class=\"nusw obk\">M\u00e1y t\u1eeb h\u00f3a \u0111\u1ed9ng c\u01a1<\/span><\/a><i class=\"mu_i\"><\/i><\/li>\n<li id=\"menu-item-1360\"  class=\"mu-slide   depth0 menu-item menu-item-type-taxonomy menu-item-object-category noft\"><a class=\"mu_a\"  href=\"http:\/\/www.motorassembly.com\/vi\/the-loai\/motor-winding-machine\"><span class=\"nusw obk\">M\u00e1y qu\u1ea5n d\u00e2y \u0111\u1ed9ng c\u01a1<\/span><\/a><i class=\"mu_i\"><\/i><\/li>\n<li id=\"menu-item-2132\"  class=\"mu-slide   depth0 menu-item menu-item-type-taxonomy menu-item-object-category noft\"><a class=\"mu_a\"  href=\"http:\/\/www.motorassembly.com\/vi\/the-loai\/electric-motor-magnet-insertion-machine\"><span class=\"nusw obk\">M\u00e1y g\u1eafn nam ch\u00e2m v\u00e0o \u0111\u1ed9ng c\u01a1<\/span><\/a><i class=\"mu_i\"><\/i><\/li>\n<\/ul>\r\n\r\n<\/div>\r\n\r\n        <\/div><\/div><\/div><div class=\"themepark-widgets-aside-b\" style=\"background:#ffffff;\"><\/div><\/aside><div class=\"themepark-widgets-innerbox\" style=\"width:79%;\">\n<div class=\"wp-block-column is-layout-flow wp-block-column-is-layout-flow\">\n<section class=\"wp-block-themepark-block-themepark-area block_layout thempark-block undefined bom20 top20\" id=\"\" style=\"padding-bottom:51px;padding-top:51px;\" data-swiper-parallax=\"-700\"><div class=\"block_layout_in\" style=\"\">\n<div class=\"wp-block-column block_layout_in is-layout-flow wp-block-column-is-layout-flow\">\n<div class=\"wp-block-themepark-block-themepark-wright content-super-p\" style=\"font-size:24px;line-height:20px;padding:10px 10px;\">\n<div class=\"wp-block-column is-layout-flow wp-block-column-is-layout-flow\">\n<h1 class=\"wp-block-themepark-block-themepark-shortcode\"><\/h1>\n<\/div>\n<\/div>\n\n\n\n<p><\/p>\n\n\n\n<p><\/p>\n\n\n<div class=\"product_loop  zhong  radius   mian_loop\" id=\"pro_list_3\"><div class=\"product_post   h_w\" style=\"background-color:#ffffff;\"><a href=\"http:\/\/www.motorassembly.com\/vi\/video-case\/2447.html\" class=\"product_pic postatty\" ><img loading=\"lazy\" decoding=\"async\" class=\"lazyload\" src=\"http:\/\/www.motorassembly.com\/wp-content\/themes\/smartenterprise\/images\/loadings.png\" data-src=\"http:\/\/www.motorassembly.com\/wp-content\/uploads\/2026\/03\/\u6c7d\u8f66\u5ea7\u6905\u7535\u673a\u81ea\u52a8\u5316\u751f\u4ea7\u7ebf.jpg\" width=\"1000\" height=\"500\" alt=\"Jiuju s\u1ebd c\u00f9ng b\u1ea1n ph\u00e2n t\u00edch chi ti\u1ebft t\u1eebng b\u01b0\u1edbc quy tr\u00ecnh s\u1ea3n xu\u1ea5t t\u1ef1 \u0111\u1ed9ng \u0111\u1ed9ng c\u01a1 \u00f4 t\u00f4\" title=\"Jiuju s\u1ebd c\u00f9ng b\u1ea1n ph\u00e2n t\u00edch chi ti\u1ebft t\u1eebng b\u01b0\u1edbc quy tr\u00ecnh s\u1ea3n xu\u1ea5t t\u1ef1 \u0111\u1ed9ng \u0111\u1ed9ng c\u01a1 \u00f4 t\u00f4\"\/><\/a><div class=\"product_info\"><h3 class=\"pro_title\"><a href=\"http:\/\/www.motorassembly.com\/vi\/video-case\/2447.html\">Jiuju s\u1ebd c\u00f9ng b\u1ea1n ph\u00e2n t\u00edch chi ti\u1ebft t\u1eebng b\u01b0\u1edbc quy tr\u00ecnh s\u1ea3n xu\u1ea5t t\u1ef1 \u0111\u1ed9ng \u0111\u1ed9ng c\u01a1 \u00f4 t\u00f4<\/a><\/h3><a  class=\"probtn\"href=\"http:\/\/www.motorassembly.com\/vi\/video-case\/2447.html\"><i class=\"fas fa-chevron-circle-right\"><\/i>\u8be6\u7ec6\u4fe1\u606f<\/a><\/div><\/div><div class=\"product_post   h_w\" style=\"background-color:#ffffff;\"><a href=\"http:\/\/www.motorassembly.com\/vi\/video-case\/2443.html\" class=\"product_pic postatty\" ><img loading=\"lazy\" decoding=\"async\" class=\"lazyload\" src=\"http:\/\/www.motorassembly.com\/wp-content\/themes\/smartenterprise\/images\/loadings.png\" data-src=\"http:\/\/www.motorassembly.com\/wp-content\/uploads\/2026\/03\/\u4e45\u5de8-\u7535\u673a\u81ea\u52a8\u63d2\u78c1\u94a2\u673a\u5de5\u4e1a\u7ec4\u88c5\u6d41\u7a0b.jpg\" width=\"1000\" height=\"500\" alt=\"\u7535\u673a\u63d2\u78c1\u7eb2\u673a\u63d2\u78c1\u603b\u51fa\u95ee\u9898\uff1f\u4e00\u4e2a\u89c6\u9891\u5e26\u4f60\u5b8c\u6210\u63d2\u78c1...\" title=\"\u7535\u673a\u63d2\u78c1\u7eb2\u673a\u63d2\u78c1\u603b\u51fa\u95ee\u9898\uff1f\u4e00\u4e2a\u89c6\u9891\u5e26\u4f60\u5b8c\u6210\u63d2\u78c1...\"\/><\/a><div class=\"product_info\"><h3 class=\"pro_title\"><a href=\"http:\/\/www.motorassembly.com\/vi\/video-case\/2443.html\">M\u00e1y ch\u00e8n nam ch\u00e2m cho \u0111\u1ed9ng c\u01a1 hay m\u00e1y ch\u00e8n nam ch\u00e2m n\u00f3i chung th\u01b0\u1eddng g\u1eb7p v\u1ea5n \u0111\u1ec1? M\u1ed9t video s\u1ebd h\u01b0\u1edbng d\u1eabn b\u1ea1n th\u1ef1c hi\u1ec7n to\u00e0n b\u1ed9 quy tr\u00ecnh ch\u00e8n nam ch\u00e2m!<\/a><\/h3><a  class=\"probtn\"href=\"http:\/\/www.motorassembly.com\/vi\/video-case\/2443.html\"><i class=\"fas fa-chevron-circle-right\"><\/i>\u8be6\u7ec6\u4fe1\u606f<\/a><\/div><\/div><div class=\"product_post   h_w\" style=\"background-color:#ffffff;\"><a href=\"http:\/\/www.motorassembly.com\/vi\/motor-magnetization-machine\/1932.html\" class=\"product_pic postatty\" ><img loading=\"lazy\" decoding=\"async\" class=\"lazyload\" src=\"http:\/\/www.motorassembly.com\/wp-content\/themes\/smartenterprise\/images\/loadings.png\" data-src=\"http:\/\/www.motorassembly.com\/wp-content\/uploads\/2026\/01\/\u7535\u673a\u5145\u78c1\u673a-2.jpg\" width=\"1000\" height=\"500\" alt=\"\u56db\u5de5\u4f4d\u7a7a\u538b\u673a\u7535\u673a\u5145\u78c1\u673a\u5e94\u7528\u6848\u4f8b\uff1a\u9ad8\u6548\u5145\u78c1\u8d4b\u80fd\u7535...\" title=\"\u56db\u5de5\u4f4d\u7a7a\u538b\u673a\u7535\u673a\u5145\u78c1\u673a\u5e94\u7528\u6848\u4f8b\uff1a\u9ad8\u6548\u5145\u78c1\u8d4b\u80fd\u7535...\"\/><\/a><div class=\"product_info\"><h3 class=\"pro_title\"><a href=\"http:\/\/www.motorassembly.com\/vi\/motor-magnetization-machine\/1932.html\">V\u00ed d\u1ee5 \u1ee9ng d\u1ee5ng m\u00e1y t\u1eeb h\u00f3a \u0111\u1ed9ng c\u01a1 m\u00e1y n\u00e9n kh\u00ed 4 tr\u1ea1m: T\u0103ng c\u01b0\u1eddng hi\u1ec7u qu\u1ea3 t\u1eeb h\u00f3a, n\u00e2ng cao ch\u1ea5t l\u01b0\u1ee3ng v\u00e0 gi\u1ea3m chi ph\u00ed cho d\u00e2y chuy\u1ec1n s\u1ea3n xu\u1ea5t \u0111\u1ed9ng c\u01a1<\/a><\/h3><a  class=\"probtn\"href=\"http:\/\/www.motorassembly.com\/vi\/motor-magnetization-machine\/1932.html\"><i class=\"fas fa-chevron-circle-right\"><\/i>\u8be6\u7ec6\u4fe1\u606f<\/a><\/div><\/div><div class=\"product_post   h_w\" style=\"background-color:#ffffff;\"><a href=\"http:\/\/www.motorassembly.com\/vi\/video-case\/1776.html\" class=\"product_pic postatty\" ><img loading=\"lazy\" decoding=\"async\" class=\"lazyload\" src=\"http:\/\/www.motorassembly.com\/wp-content\/themes\/smartenterprise\/images\/loadings.png\" data-src=\"http:\/\/www.motorassembly.com\/wp-content\/uploads\/2026\/01\/\u7535\u673a\u8f6c\u5b50\u6d78\u80f6\u673a.jpg\" width=\"1000\" height=\"500\" alt=\"\u4eba\u5de5\u7535\u673a\u6d78\u80f6\u6c14\u6ce1\u591a\u600e\u4e48\u529e\uff1f\u4e45\u5de8\u7535\u673a\u8f6c\u5b50\u6d78\u80f6\u673a \u7ec8...\" title=\"\u4eba\u5de5\u7535\u673a\u6d78\u80f6\u6c14\u6ce1\u591a\u600e\u4e48\u529e\uff1f\u4e45\u5de8\u7535\u673a\u8f6c\u5b50\u6d78\u80f6\u673a \u7ec8...\"\/><\/a><div class=\"product_info\"><h3 class=\"pro_title\"><a href=\"http:\/\/www.motorassembly.com\/vi\/video-case\/1776.html\">Ph\u1ea3i l\u00e0m th\u1ebf n\u00e0o khi \u0111\u1ed9ng c\u01a1 l\u1eafp r\u00e1p th\u1ee7 c\u00f4ng xu\u1ea5t hi\u1ec7n nhi\u1ec1u b\u1ecdt kh\u00ed trong qu\u00e1 tr\u00ecnh t\u1ea9m nh\u1ef1a? M\u00e1y t\u1ea9m nh\u1ef1a r\u00f4to c\u1ee7a Jiuju Motor \u0111\u00e3 gi\u1ea3i quy\u1ebft tri\u1ec7t \u0111\u1ec3 nh\u1eefng kh\u00f3 kh\u0103n trong quy tr\u00ecnh s\u1ea3n xu\u1ea5t \u0111\u1ed9ng c\u01a1<\/a><\/h3><a  class=\"probtn\"href=\"http:\/\/www.motorassembly.com\/vi\/video-case\/1776.html\"><i class=\"fas fa-chevron-circle-right\"><\/i>\u8be6\u7ec6\u4fe1\u606f<\/a><\/div><\/div><div class=\"product_post   h_w\" style=\"background-color:#ffffff;\"><a href=\"http:\/\/www.motorassembly.com\/vi\/video-case\/1772.html\" class=\"product_pic postatty\" ><img loading=\"lazy\" decoding=\"async\" class=\"lazyload\" src=\"http:\/\/www.motorassembly.com\/wp-content\/themes\/smartenterprise\/images\/loadings.png\" data-src=\"http:\/\/www.motorassembly.com\/wp-content\/uploads\/2026\/01\/\u6c7d\u8f66\u5ea7\u6905\u7535\u673a\u81ea\u52a8\u5316\u751f\u4ea7\u7ebf.jpg\" width=\"1000\" height=\"500\" alt=\"\u6c7d\u8f66\u5ea7\u6905\u7535\u673a\u81ea\u52a8\u5316\u751f\u4ea7\u7ebf\u6838\u5fc3\u4f18\u52bf \u7cbe\u51c6\u3001\u9ad8\u6548\u3001\u4f4e...\" title=\"\u6c7d\u8f66\u5ea7\u6905\u7535\u673a\u81ea\u52a8\u5316\u751f\u4ea7\u7ebf\u6838\u5fc3\u4f18\u52bf \u7cbe\u51c6\u3001\u9ad8\u6548\u3001\u4f4e...\"\/><\/a><div class=\"product_info\"><h3 class=\"pro_title\"><a href=\"http:\/\/www.motorassembly.com\/vi\/video-case\/1772.html\">Nh\u1eefng \u01b0u \u0111i\u1ec3m c\u1ed1t l\u00f5i c\u1ee7a d\u00e2y chuy\u1ec1n s\u1ea3n xu\u1ea5t t\u1ef1 \u0111\u1ed9ng \u0111\u1ed9ng c\u01a1 gh\u1ebf \u00f4 t\u00f4: \u0110\u1ed9 ch\u00ednh x\u00e1c cao, hi\u1ec7u qu\u1ea3, t\u1ed5n th\u1ea5t th\u1ea5p v\u00e0 qu\u1ea3n l\u00fd th\u00f4ng minh to\u00e0n b\u1ed9 quy tr\u00ecnh<\/a><\/h3><a  class=\"probtn\"href=\"http:\/\/www.motorassembly.com\/vi\/video-case\/1772.html\"><i class=\"fas fa-chevron-circle-right\"><\/i>\u8be6\u7ec6\u4fe1\u606f<\/a><\/div><\/div><div class=\"product_post   h_w\" style=\"background-color:#ffffff;\"><a href=\"http:\/\/www.motorassembly.com\/vi\/video-case\/1768.html\" class=\"product_pic postatty\" ><img loading=\"lazy\" decoding=\"async\" class=\"lazyload\" src=\"http:\/\/www.motorassembly.com\/wp-content\/themes\/smartenterprise\/images\/loadings.png\" data-src=\"http:\/\/www.motorassembly.com\/wp-content\/uploads\/2026\/01\/\u5272\u8349\u673a\u7535\u673a\u81ea\u52a8\u751f\u4ea7\u7ebf.jpg\" width=\"1000\" height=\"500\" alt=\"\u5272\u8349\u673a\u7535\u673a\u81ea\u52a8\u751f\u4ea7\u7ebf\u964d\u672c\u653b\u7565\uff1a4 \u5927\u6838\u5fc3\u8def\u5f84\u9ad8\u6548...\" title=\"\u5272\u8349\u673a\u7535\u673a\u81ea\u52a8\u751f\u4ea7\u7ebf\u964d\u672c\u653b\u7565\uff1a4 \u5927\u6838\u5fc3\u8def\u5f84\u9ad8\u6548...\"\/><\/a><div class=\"product_info\"><h3 class=\"pro_title\"><a href=\"http:\/\/www.motorassembly.com\/vi\/video-case\/1768.html\">Chi\u1ebfn l\u01b0\u1ee3c c\u1eaft gi\u1ea3m chi ph\u00ed cho d\u00e2y chuy\u1ec1n s\u1ea3n xu\u1ea5t t\u1ef1 \u0111\u1ed9ng \u0111\u1ed9ng c\u01a1 m\u00e1y c\u1eaft c\u1ecf: 4 ph\u01b0\u01a1ng ph\u00e1p c\u1ed1t l\u00f5i \u0111\u1ec3 gi\u1ea3m chi ph\u00ed nh\u00e2n c\u00f4ng m\u1ed9t c\u00e1ch hi\u1ec7u qu\u1ea3<\/a><\/h3><a  class=\"probtn\"href=\"http:\/\/www.motorassembly.com\/vi\/video-case\/1768.html\"><i class=\"fas fa-chevron-circle-right\"><\/i>\u8be6\u7ec6\u4fe1\u606f<\/a><\/div><\/div><\/div><\/div>\n<\/div><div class=\"layout_badh\"><\/div><\/section>\n<\/div>\n<\/div><\/div><\/div>","protected":false},"excerpt":{"rendered":"","protected":false},"author":1,"featured_media":0,"parent":0,"menu_order":0,"comment_status":"closed","ping_status":"closed","template":"","meta":{"themepark_post_bcolor":"#f5f5f5","themepark_post_width":"100% dong","themepark_post_img":"","themepark_post_img_po":"left","themepark_post_img_re":false,"themepark_post_img_cover":false,"themepark_post_img_fixed":false,"themepark_post_hide_title":true,"themepark_post_main_b":"","themepark_post_main_p":100,"themepark_paddingblock":true,"footnotes":""},"class_list":["post-11","page","type-page","status-publish","hentry"],"_links":{"self":[{"href":"http:\/\/www.motorassembly.com\/vi\/wp-json\/wp\/v2\/pages\/11","targetHints":{"allow":["GET"]}}],"collection":[{"href":"http:\/\/www.motorassembly.com\/vi\/wp-json\/wp\/v2\/pages"}],"about":[{"href":"http:\/\/www.motorassembly.com\/vi\/wp-json\/wp\/v2\/types\/page"}],"author":[{"embeddable":true,"href":"http:\/\/www.motorassembly.com\/vi\/wp-json\/wp\/v2\/users\/1"}],"replies":[{"embeddable":true,"href":"http:\/\/www.motorassembly.com\/vi\/wp-json\/wp\/v2\/comments?post=11"}],"version-history":[{"count":25,"href":"http:\/\/www.motorassembly.com\/vi\/wp-json\/wp\/v2\/pages\/11\/revisions"}],"predecessor-version":[{"id":2442,"href":"http:\/\/www.motorassembly.com\/vi\/wp-json\/wp\/v2\/pages\/11\/revisions\/2442"}],"wp:attachment":[{"href":"http:\/\/www.motorassembly.com\/vi\/wp-json\/wp\/v2\/media?parent=11"}],"curies":[{"name":"wp","href":"https:\/\/api.w.org\/{rel}","templated":true}]}}