{"id":2702,"date":"2026-04-02T14:17:36","date_gmt":"2026-04-02T06:17:36","guid":{"rendered":"https:\/\/www.motorassembly.com\/?page_id=2702"},"modified":"2026-04-03T11:29:59","modified_gmt":"2026-04-03T03:29:59","slug":"new-energy-vehicle-motor-assembly-line","status":"publish","type":"page","link":"https:\/\/www.motorassembly.com\/es\/new-energy-vehicle-motor-assembly-line.html","title":{"rendered":"\u65b0\u80fd\u6e90\u6c7d\u8f66\u7535\u673a\u88c5\u914d\u7ebf\u89e3\u51b3\u65b9\u6848"},"content":{"rendered":"<section class=\"wp-block-themepark-block-themepark-area block_layout thempark-block undefined\" id=\"\" style=\"padding-top:41px;\" data-swiper-parallax=\"-700\"><div class=\"block_layout_in\" style=\"\">\n<div class=\"wp-block-column block_layout_in is-layout-flow wp-block-column-is-layout-flow\" id=\"homemd2\">\n<section class=\"wp-block-themepark-block-themepark-area block_layout thempark-block undefined bom20 top20\" id=\"\" style=\"background-color:#ffffff;\" data-swiper-parallax=\"-700\"><div class=\"block_layout_in\" style=\"\">\n<div class=\"wp-block-column block_layout_in is-layout-flow wp-block-column-is-layout-flow\">\n<section class=\"wp-block-themepark-block-themepark-area block_layout thempark-block undefined bom20 top20\" id=\"\" style=\"background-color:#ffffff;\" data-swiper-parallax=\"-700\"><div class=\"block_layout_in\" style=\"\">\n<div class=\"wp-block-column block_layout_in is-layout-flow wp-block-column-is-layout-flow\">\n<div class=\"wp-block-themepark-block-themepark-wright content-super-p\" style=\"font-size:16px;line-height:27px;padding:10px 0px;\">\n<div class=\"wp-block-column is-layout-flow wp-block-column-is-layout-flow\">\n<h2 class=\"wp-block-heading has-large-font-size\">\u65b0\u80fd\u6e90\u6c7d\u8f66\u7535\u673a\u81ea\u52a8\u5316\u88c5\u914d\u89e3\u51b3\u65b9\u6848<\/h2>\n\n\n\n<p><\/p>\n\n\n\n<p>\u4f3a\u670d\u7535\u673a\u81ea\u52a8\u5316\u751f\u4ea7\u7ebf\u89e3\u51b3\u65b9\u6848\u8986\u76d6\u4f3a\u670d\u7535\u673a\u751f\u4ea7\u5168\u6d41\u7a0b\uff0c\u9488\u5bf9\u7ed5\u7ebf\u3001\u710a\u9521\u3001\u88c5\u914d\u7b49\u6838\u5fc3\u5de5\u5e8f\u4f18\u5316\u5de5\u827a\uff1a\u7ed5\u7ebf\u91c7\u7528\u4f3a\u670d\u5f20\u529b\u5668\u5b9e\u73b0\u6052\u5b9a\u5f20\u529b\u63a7\u5236\uff0c\u63d0\u5347\u69fd\u6ee1\u7387\u4e0e\u6392\u7ebf\u8d28\u91cf\uff1b\u710a\u9521\u5f15\u5165\u52a9\u710a\u5242\u9884\u70ed\u4e0e\u8154\u5185\u52a0\u70ed\u7ed3\u6784\uff0c\u675c\u7edd\u70b8\u9521\u95ee\u9898\uff1b\u540c\u65f6\u6574\u5408\u81ea\u52a8\u62fc\u5706\u3001PCB\u77eb\u6b63\u7b49\u5de5\u5e8f\uff0c\u901a\u8fc7PLC\u642d\u914d\u9ad8\u5206\u8fa8\u7387\u7f16\u7801\u5668\u6784\u5efa\u95ed\u73af\u63a7\u5236\uff0c\u914d\u5408\u673a\u5668\u89c6\u89c9\u3001\u6fc0\u5149\u5b9a\u4f4d\u5b9e\u73b0\u5168\u5de5\u5e8f\u534f\u540c\u3002<\/p>\n<\/div>\n<\/div>\n\n\n<div class=\"wp-block-image\">\n<figure class=\"aligncenter size-full\"><img loading=\"lazy\" decoding=\"async\" width=\"1404\" height=\"406\" src=\"http:\/\/www.motorassembly.com\/wp-content\/uploads\/2026\/04\/\u65b0\u80fd\u6e90\u7535\u673a\u81ea\u52a8\u5316\u88c5\u914d\u7ebf.jpg\" alt=\"\" class=\"wp-image-2703\" srcset=\"https:\/\/www.motorassembly.com\/wp-content\/uploads\/2026\/04\/\u65b0\u80fd\u6e90\u7535\u673a\u81ea\u52a8\u5316\u88c5\u914d\u7ebf.jpg 1404w, https:\/\/www.motorassembly.com\/wp-content\/uploads\/2026\/04\/\u65b0\u80fd\u6e90\u7535\u673a\u81ea\u52a8\u5316\u88c5\u914d\u7ebf-300x87.jpg 300w, https:\/\/www.motorassembly.com\/wp-content\/uploads\/2026\/04\/\u65b0\u80fd\u6e90\u7535\u673a\u81ea\u52a8\u5316\u88c5\u914d\u7ebf-1024x296.jpg 1024w, https:\/\/www.motorassembly.com\/wp-content\/uploads\/2026\/04\/\u65b0\u80fd\u6e90\u7535\u673a\u81ea\u52a8\u5316\u88c5\u914d\u7ebf-768x222.jpg 768w, https:\/\/www.motorassembly.com\/wp-content\/uploads\/2026\/04\/\u65b0\u80fd\u6e90\u7535\u673a\u81ea\u52a8\u5316\u88c5\u914d\u7ebf-18x5.jpg 18w\" sizes=\"auto, (max-width: 1404px) 100vw, 1404px\" \/><\/figure>\n<\/div><\/div>\n<\/div><div class=\"layout_badh\"><\/div><\/section>\n<\/div>\n<\/div><div class=\"layout_badh\"><\/div><\/section>\n<\/div>\n<\/div><div class=\"layout_badh\"><\/div><\/section>\n\n\n\n<section class=\"wp-block-themepark-block-themepark-area block_layout thempark-block undefined\" id=\"\" style=\"background-color:#ffffff;\" data-swiper-parallax=\"-700\"><div class=\"block_layout_in clomnsmal  clomnnone\" style=\"\">\n<div class=\"wp-block-column block_layout_in is-layout-flow wp-block-column-is-layout-flow\">\n<div class=\"wp-block-columns is-layout-flex wp-container-core-columns-is-layout-9d6595d7 wp-block-columns-is-layout-flex\">\n<div class=\"wp-block-column is-layout-flow wp-block-column-is-layout-flow\">\n<section class=\"wp-block-themepark-block-themepark-imgtext thempark-block themepark_imgtext updonwmodle padingmodle leftright moveupd  undefined nohover\" style=\"\"><div class=\"themepark_imgtext_text\" style=\"width:7%;text-align:left;\" data-swiper-parallax=\"-1600\">\n<div class=\"wp-block-column is-layout-flow wp-block-column-is-layout-flow\">\n<div class=\"wp-block-themepark-block-themepark-wright content-super-p\" style=\"font-size:16px;line-height:32px;padding:10px 0px;\">\n<div class=\"wp-block-column is-layout-flow wp-block-column-is-layout-flow\">\n<h2 class=\"wp-block-heading has-monte-grey-color has-text-color has-large-font-size\">\u65b9\u6848\u4f18\u52bf<\/h2>\n\n\n\n<p><\/p>\n\n\n\n<p>\u65b0\u80fd\u6e90\u6c7d\u8f66\u7535\u673a\u81ea\u52a8\u5316\u751f\u4ea7\u7ebf\u89e3\u51b3\u65b9\u6848\u8986\u76d6\u5b9a\u5b50\u3001\u8f6c\u5b50\u3001\u603b\u6210\u5168\u751f\u4ea7\u6d41\u7a0b\uff0c\u9488\u5bf9\u6241\u7ebf\u9a71\u52a8\u7535\u673a\u7684\u5de5\u827a\u9700\u6c42\uff0c\u6574\u5408\u6241\u7ebf\u6210\u578b\u3001\u6fc0\u5149\u53bb\u6f06\u3001\u6269\u53e3\u626d\u7ebf\u3001\u6fc0\u5149\u710a\u63a5\u7b49\u6838\u5fc3\u5de5\u5e8f\uff0c\u8f6c\u5b50\u73af\u8282\u91c7\u7528\u9ad8\u7cbe\u5ea6\u4f3a\u670d\u538b\u88c5\uff0c\u642d\u914d\u5168\u5de5\u4f4d\u89c6\u89c9\u68c0\u6d4b\u3001MES\u5236\u9020\u6267\u884c\u7cfb\u7edf\uff0c\u5b9e\u73b0\u5168\u6d41\u7a0b\u6570\u5b57\u5316\u7ba1\u63a7\u3002\u8be5<\/p>\n<\/div>\n<\/div>\n<\/div>\n<\/div><div class=\"themepark_imgtext_img\" style=\"width:90%;text-align:left;\" data-swiper-parallax=\"-1800\"><img class=\"lazyload  swiper-lazy swiper-move-lazy\" style=\"\" data-src=\"http:\/\/www.motorassembly.com\/wp-content\/uploads\/2026\/04\/\u4e45\u5de8\u81ea\u52a8\u5316-\u65b0\u80fd\u6e90\u6c7d\u8f66\u7535\u673a\u81ea\u52a8\u5316\u751f\u4ea7\u7ebf.png\" alt=\"\u4e45\u5de8\u81ea\u52a8\u5316-\u65b0\u80fd\u6e90\u6c7d\u8f66\u7535\u673a\u81ea\u52a8\u5316\u751f\u4ea7\u7ebf\"\/><\/div><div class=\"themepark_imgtext_ba\" style=\"opacity:1;\"><\/div><\/section>\n<\/div>\n\n\n\n<div class=\"wp-block-column is-layout-flow wp-block-column-is-layout-flow\">\n<section class=\"wp-block-themepark-block-themepark-imgtext thempark-block themepark_imgtext updonwmodle padingmodle moveupd  undefined nohover\" style=\"\"><div class=\"themepark_imgtext_img\" style=\"width:46%;text-align:left;\" data-swiper-parallax=\"-1800\"><img class=\"lazyload  swiper-lazy swiper-move-lazy\" style=\"\" data-src=\"http:\/\/www.motorassembly.com\/wp-content\/uploads\/2026\/04\/\u65b0\u80fd\u6e90\u6c7d\u8f66\u7535\u673a\u81ea\u52a8\u5316\u751f\u4ea7\u7ebf.jpg\" alt=\"\u65b0\u80fd\u6e90\u6c7d\u8f66\u7535\u673a\u81ea\u52a8\u5316\u751f\u4ea7\u7ebf\"\/><\/div><div class=\"themepark_imgtext_text\" style=\"width:51%;text-align:left;\" data-swiper-parallax=\"-1600\">\n<div class=\"wp-block-column is-layout-flow wp-block-column-is-layout-flow\">\n<p class=\"has-small-font-size\"><\/p>\n\n\n\n<p><\/p>\n\n\n\n<div class=\"wp-block-themepark-block-themepark-wright content-super-p\" style=\"font-size:16px;line-height:32px;padding:10px 31px;\">\n<div class=\"wp-block-column is-layout-flow wp-block-column-is-layout-flow\">\n<h2 class=\"wp-block-heading has-monte-grey-color has-text-color has-large-font-size\">\u6838\u5fc3\u53c2\u6570<\/h2>\n\n\n\n<p>\u6211\u4eec\u662f\u62e5\u6709\u8bbe\u8ba1\u3001\u7814\u53d1\u3001\u751f\u4ea7\u3001\u552e\u540e\u80fd\u529b\u7684\u65b0\u80fd\u6e90\u6c7d\u8f66\u7535\u673a\u81ea\u52a8\u5316\u751f\u4ea7\u7ebf\u5236\u9020\uff0c\u53ef\u5b9e\u73b0\u67d4\u6027\u5316\u667a\u80fd\u7ec4\u88c5\uff0c\u6309\u9700\u975e\u6807\u5b9a\u5236<\/p>\n\n\n\n<section class=\"wp-block-themepark-block-themepark-listbox thempark-block themepark_listbox\" style=\"padding-top:5px;text-align:left;\"><ul class=\"themepark_listbox_list\" style=\"padding-left:0%;padding-right:2%;\"><li style=\"color:#272727;font-size:16px;line-height:26px;margin-bottom:3px;padding-left:31px;\"><i class=\"fas fa-check-square\" style=\"line-height:26px\"><\/i><span>\u6574\u7ebf\u7a3c\u52a8\u7387\u63d0\u5347\u8d85 20%\uff0c\u538b\u88c5\u5b9a\u4f4d\u7cbe\u5ea6\u8fbe \u00b10.01mm<\/span><\/li><li style=\"color:#272727;font-size:16px;line-height:26px;margin-bottom:3px;padding-left:31px;\"><i class=\"fas fa-check-square\" style=\"line-height:26px\"><\/i><span>\u6a21\u5757\u5316\u8bbe\u8ba1\u517c\u5bb9\u6c38\u78c1\u540c\u6b65\u7b49\u591a\u54c1\u7c7b\u7535\u673a<\/span><\/li><li style=\"color:#272727;font-size:16px;line-height:26px;margin-bottom:3px;padding-left:31px;\"><i class=\"fas fa-check-square\" style=\"line-height:26px\"><\/i><span>\u9002\u914d\u8f66\u4f01\u89c4\u6a21\u5316\u3001\u591a\u5e73\u53f0\u5171\u7ebf\u7684\u751f\u4ea7\u9700\u6c42<\/span><\/li><li style=\"color:#272727;font-size:16px;line-height:26px;margin-bottom:3px;padding-left:31px;\"><i class=\"fas fa-check-square\" style=\"line-height:26px\"><\/i><span>\u89c4\u683c\u5207\u6362\u226420 \u5206\u949f\uff0c\u652f\u6301\u6df7\u7ebf\u751f\u4ea7\uff0c\u914d\u7f6e 2-3 \u540d\u8f85\u52a9\u64cd\u4f5c\u4eba\u5458<\/span><span><\/span><\/li><li style=\"color:#272727;font-size:16px;line-height:26px;margin-bottom:3px;padding-left:31px;\"><i class=\"fas fa-check-square\" style=\"line-height:26px\"><\/i><span>\u8bbe\u5907\u914d\u7f6e\u5b89\u5168\u5149\u6805\u3001\u5b89\u5168\u95e8\u9501\u7b49\u8fdb\u884c\u4eba\u8eab\u5b89\u5168\u9632\u62a4<\/span><\/li><li style=\"color:#272727;font-size:16px;line-height:26px;margin-bottom:3px;padding-left:31px;\"><i class=\"fas fa-check-square\" style=\"line-height:26px\"><\/i><span>\u9ad8\u7cbe\u5ea6\u4f20\u611f\u5668\u3001\u89c6\u89c9\u68c0\u6d4b\u7cfb\u7edf\u7b49\uff0c\u9632\u6f0f\u88c5\u3001\u5c11\u88c5\u3001\u9519\u88c5\u53ca\u5b89\u88c5\u540e\u8d28\u91cf\u68c0\u6d4b<\/span><\/li><\/ul><div class=\"themepark_listbox_ba\" style=\"opacity:1;\"><\/div><\/section>\n<\/div>\n<\/div>\n<\/div>\n<\/div><div class=\"themepark_imgtext_ba\" style=\"opacity:1;\"><\/div><\/section>\n<\/div>\n<\/div>\n<\/div>\n<\/div><div class=\"layout_badh\"><\/div><\/section>\n\n\n\n<section class=\"wp-block-themepark-block-themepark-area block_layout thempark-block undefined\" id=\"\" style=\"padding-bottom:21px;\" data-swiper-parallax=\"-700\"><div class=\"block_layout_in\" style=\"\"><div class=\"post_in_list_head modle_title2\"><h2><span style=\"color:#000000;font-size:39px;\" class=\"main-title\">\u4ea7\u54c1\u63a8\u8350<\/span><\/h2><div class=\"title_boout\"><div class=\"title_bo\" style=\"border-bottom:1px solid #ccc;\"><\/div><\/div><\/div>\n<div class=\"wp-block-column block_layout_in is-layout-flow wp-block-column-is-layout-flow\"><div class=\"product_loop  zhong  radius   mian_loop\" id=\"pro_list_4\"><div class=\"product_post   h_w\" ><a href=\"https:\/\/www.motorassembly.com\/es\/product\/2195.html\" class=\"product_pic postatty\" ><img loading=\"lazy\" decoding=\"async\" class=\"lazyload\" src=\"https:\/\/www.motorassembly.com\/wp-content\/themes\/smartenterprise\/images\/loadings.png\" data-src=\"https:\/\/www.motorassembly.com\/wp-content\/uploads\/2026\/01\/\u4e45\u5de8-\u5185\u8f6c\u5b50\u81ea\u52a8\u70b9\u80f6\u63d2\u78c1\u94a2\u673a.jpg\" width=\"630\" height=\"630\" alt=\"\u5185\u8f6c\u5b50\u81ea\u52a8\u70b9\u80f6\u63d2\u78c1\u94a2\u673a\" title=\"\u5185\u8f6c\u5b50\u81ea\u52a8\u70b9\u80f6\u63d2\u78c1\u94a2\u673a\"\/><\/a><div class=\"product_info\"><h3 class=\"pro_title\"><a href=\"https:\/\/www.motorassembly.com\/es\/product\/2195.html\">\u5185\u8f6c\u5b50\u81ea\u52a8\u70b9\u80f6\u63d2\u78c1\u94a2\u673a<\/a><\/h3><p class=\"des\">\u7535\u673a\u81ea\u52a8\u63d2\u78c1\u94a2\u673a\u4e13\u4e1a\u5236\u9020\u5546\uff0c\u8bbe\u5907\u91c7\u7528\u9ad8\u7cbe\u5ea6\u5b9a\u4f4d\u7cfb\u7edf\uff0c\u81ea\u52a8\u5b8c\u6210\u78c1\u94a2\u6293\u53d6\u3001\u63d2\u5165\u3001\u538b\u7d27\u7b49\u5de5\u5e8f\uff0c\u9002\u914d\u4e0d\u540c\u89c4\u683c\u7535\u673a\u78c1\u94a2\u63d2\u88c5\uff0c\u63d2\u88c5\u7cbe\u5ea6\u9ad8\uff0c\u7a33\u5b9a\u6027\u5f3a\uff0c\u66ff\u4ee3\u4eba\u5de5\u64cd\u4f5c\uff0c\u5927\u5e45\u63d0\u5347\u751f\u4ea7\u6548\u7387\uff0c\u964d\u4f4e\u52b3\u52a8\u5f3a\u5ea6\uff0c\u652f\u6301\u5b9a\u5236\uff0c\u552e\u540e\u5b8c\u5584\uff01<\/p><a  class=\"probtn\"href=\"https:\/\/www.motorassembly.com\/es\/product\/2195.html\"><i class=\"fas fa-chevron-circle-right\"><\/i>Informaci\u00f3n detallada<\/a><\/div><\/div><div class=\"product_post   h_w\" ><a href=\"https:\/\/www.motorassembly.com\/es\/product\/2190.html\" class=\"product_pic postatty\" ><img loading=\"lazy\" decoding=\"async\" class=\"lazyload\" src=\"https:\/\/www.motorassembly.com\/wp-content\/themes\/smartenterprise\/images\/loadings.png\" data-src=\"https:\/\/www.motorassembly.com\/wp-content\/uploads\/2026\/01\/\u4e45\u5de8-\u5f02\u578b\u7535\u673a\u8f6c\u5b50\u81ea\u52a8\u63d2\u78c1\u94a2\u673a.jpg\" width=\"630\" height=\"630\" alt=\"\u5f02\u578b\u7535\u673a\u8f6c\u5b50\u81ea\u52a8\u63d2\u78c1\u94a2\u673a\" title=\"\u5f02\u578b\u7535\u673a\u8f6c\u5b50\u81ea\u52a8\u63d2\u78c1\u94a2\u673a\"\/><\/a><div class=\"product_info\"><h3 class=\"pro_title\"><a href=\"https:\/\/www.motorassembly.com\/es\/product\/2190.html\">\u5f02\u578b\u7535\u673a\u8f6c\u5b50\u81ea\u52a8\u63d2\u78c1\u94a2\u673a<\/a><\/h3><p class=\"des\">\u7535\u673a\u81ea\u52a8\u63d2\u78c1\u94a2\u673a\u4e13\u4e1a\u5236\u9020\u5546\uff0c\u8bbe\u5907\u91c7\u7528\u9ad8\u7cbe\u5ea6\u5b9a\u4f4d\u7cfb\u7edf\uff0c\u81ea\u52a8\u5b8c\u6210\u78c1\u94a2\u6293\u53d6\u3001\u63d2\u5165\u3001\u538b\u7d27\u7b49\u5de5\u5e8f\uff0c\u9002\u914d\u4e0d\u540c\u89c4\u683c\u7535\u673a\u78c1\u94a2\u63d2\u88c5\uff0c\u63d2\u88c5\u7cbe\u5ea6\u9ad8\uff0c\u7a33\u5b9a\u6027\u5f3a\uff0c\u66ff\u4ee3\u4eba\u5de5\u64cd\u4f5c\uff0c\u5927\u5e45\u63d0\u5347\u751f\u4ea7\u6548\u7387\uff0c\u964d\u4f4e\u52b3\u52a8\u5f3a\u5ea6\uff0c\u652f\u6301\u5b9a\u5236\uff0c\u552e\u540e\u5b8c\u5584\uff01<\/p><a  class=\"probtn\"href=\"https:\/\/www.motorassembly.com\/es\/product\/2190.html\"><i class=\"fas fa-chevron-circle-right\"><\/i>Informaci\u00f3n detallada<\/a><\/div><\/div><div class=\"product_post   h_w\" ><a href=\"https:\/\/www.motorassembly.com\/es\/product\/2185.html\" class=\"product_pic postatty\" ><img loading=\"lazy\" decoding=\"async\" class=\"lazyload\" src=\"https:\/\/www.motorassembly.com\/wp-content\/themes\/smartenterprise\/images\/loadings.png\" data-src=\"https:\/\/www.motorassembly.com\/wp-content\/uploads\/2026\/01\/\u4e45\u5de8-\u7535\u673a\u8868\u78c1\u68c0\u6d4b\u8bbe\u5907.jpg\" width=\"630\" height=\"630\" alt=\"\u7535\u673a\u8f6c\u5b50\u8868\u78c1\u68c0\u6d4b\u673a\" title=\"\u7535\u673a\u8f6c\u5b50\u8868\u78c1\u68c0\u6d4b\u673a\"\/><\/a><div class=\"product_info\"><h3 class=\"pro_title\"><a href=\"https:\/\/www.motorassembly.com\/es\/product\/2185.html\">\u7535\u673a\u8f6c\u5b50\u8868\u78c1\u68c0\u6d4b\u673a<\/a><\/h3><p class=\"des\">\u7535\u673a\u81ea\u52a8\u63d2\u78c1\u94a2\u673a\u4e13\u4e1a\u5236\u9020\u5546\uff0c\u8bbe\u5907\u91c7\u7528\u9ad8\u7cbe\u5ea6\u5b9a\u4f4d\u7cfb\u7edf\uff0c\u81ea\u52a8\u5b8c\u6210\u78c1\u94a2\u6293\u53d6\u3001\u63d2\u5165\u3001\u538b\u7d27\u7b49\u5de5\u5e8f\uff0c\u9002\u914d\u4e0d\u540c\u89c4\u683c\u7535\u673a\u78c1\u94a2\u63d2\u88c5\uff0c\u63d2\u88c5\u7cbe\u5ea6\u9ad8\uff0c\u7a33\u5b9a\u6027\u5f3a\uff0c\u66ff\u4ee3\u4eba\u5de5\u64cd\u4f5c\uff0c\u5927\u5e45\u63d0\u5347\u751f\u4ea7\u6548\u7387\uff0c\u964d\u4f4e\u52b3\u52a8\u5f3a\u5ea6\uff0c\u652f\u6301\u5b9a\u5236\uff0c\u552e\u540e\u5b8c\u5584\uff01<\/p><a  class=\"probtn\"href=\"https:\/\/www.motorassembly.com\/es\/product\/2185.html\"><i class=\"fas fa-chevron-circle-right\"><\/i>Informaci\u00f3n detallada<\/a><\/div><\/div><div class=\"product_post   h_w\" ><a href=\"https:\/\/www.motorassembly.com\/es\/product\/1348.html\" class=\"product_pic postatty\" ><img loading=\"lazy\" decoding=\"async\" class=\"lazyload\" src=\"https:\/\/www.motorassembly.com\/wp-content\/themes\/smartenterprise\/images\/loadings.png\" data-src=\"https:\/\/www.motorassembly.com\/wp-content\/uploads\/2026\/01\/\u4e45\u5de8-\u5916\u8f6c\u5b50\u81ea\u52a8\u70b9\u80f6\u63d2\u78c1\u94a2\u673a.jpg\" width=\"630\" height=\"630\" alt=\"\u5916\u8f6c\u5b50\u81ea\u52a8\u70b9\u80f6\u63d2\u78c1\u94a2\u673a\" title=\"\u5916\u8f6c\u5b50\u81ea\u52a8\u70b9\u80f6\u63d2\u78c1\u94a2\u673a\"\/><\/a><div class=\"product_info\"><h3 class=\"pro_title\"><a href=\"https:\/\/www.motorassembly.com\/es\/product\/1348.html\">\u5916\u8f6c\u5b50\u81ea\u52a8\u70b9\u80f6\u63d2\u78c1\u94a2\u673a<\/a><\/h3><p class=\"des\">\u7535\u673a\u81ea\u52a8\u63d2\u78c1\u94a2\u673a\u4e13\u4e1a\u5236\u9020\u5546\uff0c\u8bbe\u5907\u91c7\u7528\u9ad8\u7cbe\u5ea6\u5b9a\u4f4d\u7cfb\u7edf\uff0c\u81ea\u52a8\u5b8c\u6210\u78c1\u94a2\u6293\u53d6\u3001\u63d2\u5165\u3001\u538b\u7d27\u7b49\u5de5\u5e8f\uff0c\u9002\u914d\u4e0d\u540c\u89c4\u683c\u7535\u673a\u78c1\u94a2\u63d2\u88c5\uff0c\u63d2\u88c5\u7cbe\u5ea6\u9ad8\uff0c\u7a33\u5b9a\u6027\u5f3a\uff0c\u66ff\u4ee3\u4eba\u5de5\u64cd\u4f5c\uff0c\u5927\u5e45\u63d0\u5347\u751f\u4ea7\u6548\u7387\uff0c\u964d\u4f4e\u52b3\u52a8\u5f3a\u5ea6\uff0c\u652f\u6301\u5b9a\u5236\uff0c\u552e\u540e\u5b8c\u5584\uff01<\/p><a  class=\"probtn\"href=\"https:\/\/www.motorassembly.com\/es\/product\/1348.html\"><i class=\"fas fa-chevron-circle-right\"><\/i>Informaci\u00f3n detallada<\/a><\/div><\/div><\/div><\/div>\n<\/div><div class=\"layout_badh\"><\/div><\/section>\n\n\n\n<section class=\"wp-block-themepark-block-themepark-area block_layout thempark-block undefined\" id=\"\" style=\"padding-bottom:34px;\" data-swiper-parallax=\"-700\"><div class=\"block_layout_in\" style=\"\"><div class=\"post_in_list_head modle_title2\"><h2><span style=\"color:#000000;font-size:39px;\" class=\"main-title\">Caso de v\u00eddeo<\/span><\/h2><div class=\"title_boout\"><div class=\"title_bo\" style=\"border-bottom:1px solid #ccc;\"><\/div><\/div><\/div>\n<div class=\"wp-block-column block_layout_in is-layout-flow wp-block-column-is-layout-flow\"><div class=\"product_loop  zhong  radius   mian_loop\" id=\"pro_list_4\"><div class=\"product_post   h_w\" ><a href=\"https:\/\/www.motorassembly.com\/es\/video-case\/2447.html\" class=\"product_pic postatty\" ><img loading=\"lazy\" decoding=\"async\" class=\"lazyload\" src=\"https:\/\/www.motorassembly.com\/wp-content\/themes\/smartenterprise\/images\/loadings.png\" data-src=\"https:\/\/www.motorassembly.com\/wp-content\/uploads\/2026\/03\/\u6c7d\u8f66\u5ea7\u6905\u7535\u673a\u81ea\u52a8\u5316\u751f\u4ea7\u7ebf.jpg\" width=\"1000\" height=\"500\" alt=\"JiuJu le lleva a desmontar a c\u00e1mara lenta la cadena de producci\u00f3n automatizada del motor de un autom\u00f3vil.\" title=\"JiuJu le lleva a desmontar a c\u00e1mara lenta la cadena de producci\u00f3n automatizada del motor de un autom\u00f3vil.\"\/><\/a><div class=\"product_info\"><h3 class=\"pro_title\"><a href=\"https:\/\/www.motorassembly.com\/es\/video-case\/2447.html\">JiuJu le lleva a desmontar a c\u00e1mara lenta la cadena de producci\u00f3n automatizada del motor de un autom\u00f3vil.<\/a><\/h3><p class=\"des\">\u955c\u5934\u62c6\u89e3\u6c7d\u8f66\u53d1\u52a8\u673a\u7535\u673a\u81ea\u52a8\u5316\u751f\u4ea7\u7ebf\uff0c\u6bcf\u4e00\u6b65\u90fd\u85cf\u7740\u7cbe\u5bc6\u5de5\u827a \u6162\u52a8\u4f5c\u4e0b\u770b\u673a\u68b0\u81c2\u7684\u8d70\u4f4d\u7cbe\u5ea6\u3001\u5de5\u88c5\u5939\u5177\u7684\u534f\u540c\u6548\u7387\uff0c\u76f4\u89c2\u611f\u53d7\u5de5\u4e1a\u81ea\u52a8\u5316\u5982\u4f55\u89e3\u51b3\u4eba\u5de5\u88c5\u914d\u7684\u4e00\u81f4\u6027\u96be\u9898<\/p><a  class=\"probtn\"href=\"https:\/\/www.motorassembly.com\/es\/video-case\/2447.html\"><i class=\"fas fa-chevron-circle-right\"><\/i>Informaci\u00f3n detallada<\/a><\/div><\/div><div class=\"product_post   h_w\" ><a href=\"https:\/\/www.motorassembly.com\/es\/video-case\/2443.html\" class=\"product_pic postatty\" ><img loading=\"lazy\" decoding=\"async\" class=\"lazyload\" src=\"https:\/\/www.motorassembly.com\/wp-content\/themes\/smartenterprise\/images\/loadings.png\" data-src=\"https:\/\/www.motorassembly.com\/wp-content\/uploads\/2026\/03\/\u4e45\u5de8-\u7535\u673a\u81ea\u52a8\u63d2\u78c1\u94a2\u673a\u5de5\u4e1a\u7ec4\u88c5\u6d41\u7a0b.jpg\" width=\"1000\" height=\"500\" alt=\"\u00bfSiempre tiene problemas para insertar imanes en el motor? Un v\u00eddeo le muestra el proceso de inserci\u00f3n de un im\u00e1n...\" title=\"\u00bfSiempre tiene problemas para insertar imanes en el motor? Un v\u00eddeo le muestra el proceso de inserci\u00f3n de un im\u00e1n...\"\/><\/a><div class=\"product_info\"><h3 class=\"pro_title\"><a href=\"https:\/\/www.motorassembly.com\/es\/video-case\/2443.html\">El motor de inserci\u00f3n magn\u00e9tica contorno m\u00e1quina de inserci\u00f3n magn\u00e9tica siempre tienen problemas? Un v\u00eddeo le muestra el proceso de inserci\u00f3n.<\/a><\/h3><p class=\"des\">\u89c6\u9891\u5c06\u4ece\u8bbe\u5907\u8c03\u8bd5\u3001\u78c1\u94a2\u9884\u5904\u7406\u3001\u7cbe\u51c6\u4e0a\u6599\u5b9a\u4f4d\uff0c\u5230\u89c4\u8303\u63d2\u88c5\u3001\u4fdd\u538b\u56fa\u5316\u3001\u6210\u54c1\u6821\u9a8c\u5168\u6d41\u7a0b\u62c6\u89e3\uff0c\u624b\u628a\u624b\u8bb2\u89e3\u5173\u952e\u64cd\u4f5c\u7ec6\u8282\u3001\u8bbe\u5907\u53c2\u6570\u8c03\u6821\u6280\u5de7\uff0c\u9488\u5bf9\u6027\u7834\u89e3\u5404\u7c7b\u63d2\u78c1\u5e38\u89c1\u6545\u969c\uff0c\u517c\u987e\u65b0\u624b\u5165\u95e8\u4e0e\u8001\u624b\u8fdb\u9636\uff0c\u4e0d\u7ba1\u662f\u6279\u91cf\u91cf\u4ea7\u8fd8\u662f\u5c0f\u6279\u6b21\u52a0\u5de5\uff0c\u90fd\u80fd\u8ddf\u7740\u89c6\u9891\u89c4\u8303\u4f5c\u4e1a\uff0c\u544a\u522b\u63d2\u78c1\u5931\u8bef\uff0c\u63d0\u5347\u5de5\u5e8f\u5408\u683c\u7387\uff0c\u9ad8\u6548\u641e\u5b9a\u7535\u673a\u63d2\u78c1\u94a2\u5de5\u5e8f\uff0c\u7b51\u7262\u7535\u673a\u751f\u4ea7\u8d28\u91cf\u6839\u57fa\u3002<\/p><a  class=\"probtn\"href=\"https:\/\/www.motorassembly.com\/es\/video-case\/2443.html\"><i class=\"fas fa-chevron-circle-right\"><\/i>Informaci\u00f3n detallada<\/a><\/div><\/div><div class=\"product_post   h_w\" ><a href=\"https:\/\/www.motorassembly.com\/es\/motor-magnetization-machine\/1932.html\" class=\"product_pic postatty\" ><img loading=\"lazy\" decoding=\"async\" class=\"lazyload\" src=\"https:\/\/www.motorassembly.com\/wp-content\/themes\/smartenterprise\/images\/loadings.png\" data-src=\"https:\/\/www.motorassembly.com\/wp-content\/uploads\/2026\/01\/\u7535\u673a\u5145\u78c1\u673a-2.jpg\" width=\"1000\" height=\"500\" alt=\"Aplicaci\u00f3n del magnetizador de motores de compresores de aire de cuatro estaciones: la magnetizaci\u00f3n de alta...\" title=\"Aplicaci\u00f3n del magnetizador de motores de compresores de aire de cuatro estaciones: la magnetizaci\u00f3n de alta...\"\/><\/a><div class=\"product_info\"><h3 class=\"pro_title\"><a href=\"https:\/\/www.motorassembly.com\/es\/motor-magnetization-machine\/1932.html\">Caso de aplicaci\u00f3n del magnetizador de motores de compresores de aire de cuatro estaciones: la magnetizaci\u00f3n de alta eficacia permite a la l\u00ednea de producci\u00f3n de motores mejorar la calidad y reducir los costes.<\/a><\/h3><p class=\"des\">\u8bbe\u5907\u91c7\u7528\u56db\u5de5\u4f4d\u73af\u5f62\u5e03\u5c40\uff0c\u53ef\u540c\u6b65\u5b8c\u6210\u7535\u673a\u8f6c\u5b50\u7684\u4e0a\u6599\u3001\u5145\u78c1\u3001\u78c1\u6027\u80fd\u68c0\u6d4b\u3001\u4e0b\u6599\u5de5\u5e8f\uff0c\u5355\u53f0\u8bbe\u5907\u6bcf\u5c0f\u65f6\u53ef\u5b8c\u6210\u8d85 4500 \u4ef6\u7535\u673a\u8f6c\u5b50\u5145\u78c1\uff0c\u76f8\u6bd4\u4f20\u7edf\u5355\u5de5\u4f4d\u8bbe\u5907\u6548\u7387\u63d0\u5347400%<\/p><a  class=\"probtn\"href=\"https:\/\/www.motorassembly.com\/es\/motor-magnetization-machine\/1932.html\"><i class=\"fas fa-chevron-circle-right\"><\/i>Informaci\u00f3n detallada<\/a><\/div><\/div><div class=\"product_post   h_w\" ><a href=\"https:\/\/www.motorassembly.com\/es\/video-case\/1776.html\" class=\"product_pic postatty\" ><img loading=\"lazy\" decoding=\"async\" class=\"lazyload\" src=\"https:\/\/www.motorassembly.com\/wp-content\/themes\/smartenterprise\/images\/loadings.png\" data-src=\"https:\/\/www.motorassembly.com\/wp-content\/uploads\/2026\/01\/\u7535\u673a\u8f6c\u5b50\u6d78\u80f6\u673a.jpg\" width=\"1000\" height=\"500\" alt=\"Motor artificial de inmersi\u00f3n burbuja \u00bfc\u00f3mo hacer? JiuJu motor rotor inmersi\u00f3n m\u00e1quina Ultimate...\" title=\"Motor artificial de inmersi\u00f3n burbuja \u00bfc\u00f3mo hacer? JiuJu motor rotor inmersi\u00f3n m\u00e1quina Ultimate...\"\/><\/a><div class=\"product_info\"><h3 class=\"pro_title\"><a href=\"https:\/\/www.motorassembly.com\/es\/video-case\/1776.html\">Manual de motor de inmersi\u00f3n burbuja \u00bfc\u00f3mo hacer? JiuJu motor rotor m\u00e1quina de inmersi\u00f3n para poner fin al proceso de producci\u00f3n del motor dilema<\/a><\/h3><p class=\"des\">\u81ea\u52a8\u5316\u65b9\u6848\u7ec8\u7ed3\u7535\u673a\u8f6c\u5b50\u751f\u4ea7\u56f0\u5c40\uff01 \u81ea\u52a8\u5316\u89e3\u51b3\u65b9\u6848\u9488\u5bf9\u6027\u7834\u5c40\uff1a\u901a\u8fc7\u667a\u80fd\u63a7\u80f6\u7cfb\u7edf + \u771f\u7a7a\u6d78\u80f6\u6280\u672f\uff0c\u675c\u7edd\u6c14\u6ce1\u548c\u9519\u6f0f\uff0c\u4ea7\u51fa\u7684\u8f6c\u5b50\u6027\u80fd\u66f4\u7a33\u5b9a\uff0c\u5b9e\u73b099%\u826f\u54c1\u7387\u3002#\u7535\u673a\u81ea\u52a8\u5316\u8bbe\u5907<\/p><a  class=\"probtn\"href=\"https:\/\/www.motorassembly.com\/es\/video-case\/1776.html\"><i class=\"fas fa-chevron-circle-right\"><\/i>Informaci\u00f3n detallada<\/a><\/div><\/div><\/div><\/div>\n<\/div><div class=\"layout_badh\"><\/div><\/section>","protected":false},"excerpt":{"rendered":"","protected":false},"author":1,"featured_media":0,"parent":0,"menu_order":0,"comment_status":"closed","ping_status":"closed","template":"","meta":{"themepark_post_bcolor":"#f5f5f5","themepark_post_width":"1022px","themepark_post_img":"","themepark_post_img_po":"left","themepark_post_img_re":false,"themepark_post_img_cover":false,"themepark_post_img_fixed":false,"themepark_post_hide_title":true,"themepark_post_main_b":"","themepark_post_main_p":100,"themepark_paddingblock":false,"footnotes":""},"class_list":["post-2702","page","type-page","status-publish","hentry"],"_links":{"self":[{"href":"https:\/\/www.motorassembly.com\/es\/wp-json\/wp\/v2\/pages\/2702","targetHints":{"allow":["GET"]}}],"collection":[{"href":"https:\/\/www.motorassembly.com\/es\/wp-json\/wp\/v2\/pages"}],"about":[{"href":"https:\/\/www.motorassembly.com\/es\/wp-json\/wp\/v2\/types\/page"}],"author":[{"embeddable":true,"href":"https:\/\/www.motorassembly.com\/es\/wp-json\/wp\/v2\/users\/1"}],"replies":[{"embeddable":true,"href":"https:\/\/www.motorassembly.com\/es\/wp-json\/wp\/v2\/comments?post=2702"}],"version-history":[{"count":5,"href":"https:\/\/www.motorassembly.com\/es\/wp-json\/wp\/v2\/pages\/2702\/revisions"}],"predecessor-version":[{"id":2773,"href":"https:\/\/www.motorassembly.com\/es\/wp-json\/wp\/v2\/pages\/2702\/revisions\/2773"}],"wp:attachment":[{"href":"https:\/\/www.motorassembly.com\/es\/wp-json\/wp\/v2\/media?parent=2702"}],"curies":[{"name":"wp","href":"https:\/\/api.w.org\/{rel}","templated":true}]}}