{"id":2735,"date":"2026-04-02T19:37:44","date_gmt":"2026-04-02T11:37:44","guid":{"rendered":"https:\/\/www.motorassembly.com\/?page_id=2735"},"modified":"2026-04-02T19:38:03","modified_gmt":"2026-04-02T11:38:03","slug":"solution-for-brushless-motor-assembly-line","status":"publish","type":"page","link":"https:\/\/www.motorassembly.com\/fr\/solution-pour-la-ligne-dassemblage-de-moteurs-sans-balais-html","title":{"rendered":"Solutions pour la ligne d'assemblage des moteurs sans balais"},"content":{"rendered":"<section class=\"wp-block-themepark-block-themepark-area block_layout thempark-block undefined\" id=\"\" style=\"padding-bottom:42px;padding-top:32px;\" data-swiper-parallax=\"-700\"><div class=\"block_layout_in\" style=\"\">\n<div class=\"wp-block-column block_layout_in is-layout-flow wp-block-column-is-layout-flow\" id=\"homemd2\">\n<section class=\"wp-block-themepark-block-themepark-area block_layout thempark-block undefined bom20 top20\" id=\"\" style=\"background-color:#ffffff;\" data-swiper-parallax=\"-700\"><div class=\"block_layout_in\" style=\"\">\n<div class=\"wp-block-column block_layout_in is-layout-flow wp-block-column-is-layout-flow\">\n<section class=\"wp-block-themepark-block-themepark-area block_layout thempark-block undefined bom20 top20\" id=\"\" style=\"background-color:#ffffff;\" data-swiper-parallax=\"-700\"><div class=\"block_layout_in\" style=\"\">\n<div class=\"wp-block-column block_layout_in is-layout-flow wp-block-column-is-layout-flow\">\n<div class=\"wp-block-themepark-block-themepark-wright content-super-p\" style=\"font-size:16px;line-height:27px;padding:10px 0px;\">\n<div class=\"wp-block-column is-layout-flow wp-block-column-is-layout-flow\">\n<h2 class=\"wp-block-heading has-large-font-size\">\u65e0\u5237\u7535\u673a\u81ea\u52a8\u5316\u88c5\u914d\u89e3\u51b3\u65b9\u6848<\/h2>\n\n\n\n<p><\/p>\n\n\n\n<p>\u65e0\u5237\u7535\u673a\u81ea\u52a8\u5316\u751f\u4ea7\u7ebf\u89e3\u51b3\u65b9\u6848\u8986\u76d6\u5b9a\u5b50\u7ed5\u7ebf\u3001\u8f6c\u5b50\u88c5\u914d\u3001\u5b9a\u8f6c\u5b50\u5408\u88c5\u3001\u6027\u80fd\u68c0\u6d4b\u5168\u6d41\u7a0b\uff0c\u9488\u5bf9\u901a\u7528\u65e0\u5237\u7535\u673a\u7684\u751f\u4ea7\u9700\u6c42\uff0c\u96c6\u6210\u4f3a\u670d\u5f20\u529b\u9ad8\u901f\u7ed5\u7ebf\u3001\u81ea\u52a8\u6d78\u6f06\u70d8\u5e72\u3001\u7cbe\u5bc6\u538b\u88c5\u7b49\u6838\u5fc3\u5de5\u827a\uff0c\u642d\u914d\u5728\u7ebf\u531d\u6570\u68c0\u6d4b\u3001\u52a8\u5e73\u8861\u6821\u6b63\u3001\u89c6\u89c9\u5b9a\u4f4d\u6280\u672f\uff0c\u901a\u8fc7 PLC+RFID \u7cfb\u7edf\u5b9e\u73b0\u5de5\u5e8f\u52a8\u6001\u8c03\u6574\u4e0e\u5168\u6d41\u7a0b\u6570\u636e\u8ffd\u6eaf\u3002<\/p>\n<\/div>\n<\/div>\n\n\n\n<figure class=\"wp-block-image size-full\"><img loading=\"lazy\" decoding=\"async\" width=\"1404\" height=\"406\" src=\"https:\/\/www.motorassembly.com\/wp-content\/uploads\/2026\/04\/pasted-image-20260402-113356-378.jpg\" alt=\"\" class=\"wp-image-2736\" srcset=\"https:\/\/www.motorassembly.com\/wp-content\/uploads\/2026\/04\/pasted-image-20260402-113356-378.jpg 1404w, https:\/\/www.motorassembly.com\/wp-content\/uploads\/2026\/04\/pasted-image-20260402-113356-378-300x87.jpg 300w, https:\/\/www.motorassembly.com\/wp-content\/uploads\/2026\/04\/pasted-image-20260402-113356-378-1024x296.jpg 1024w, https:\/\/www.motorassembly.com\/wp-content\/uploads\/2026\/04\/pasted-image-20260402-113356-378-768x222.jpg 768w, https:\/\/www.motorassembly.com\/wp-content\/uploads\/2026\/04\/pasted-image-20260402-113356-378-18x5.jpg 18w\" sizes=\"auto, (max-width: 1404px) 100vw, 1404px\" \/><\/figure>\n<\/div>\n<\/div><div class=\"layout_badh\"><\/div><\/section>\n<\/div>\n<\/div><div class=\"layout_badh\"><\/div><\/section>\n<\/div>\n<\/div><div class=\"layout_badh\"><\/div><\/section>\n\n\n\n<section class=\"wp-block-themepark-block-themepark-area block_layout thempark-block undefined\" id=\"\" style=\"background-color:#ffffff;padding-bottom:42px;padding-top:42px;\" data-swiper-parallax=\"-700\"><div class=\"block_layout_in clomnsmal  clomnnone\" style=\"\">\n<div class=\"wp-block-column block_layout_in is-layout-flow wp-block-column-is-layout-flow\">\n<div class=\"wp-block-columns is-layout-flex wp-container-core-columns-is-layout-9d6595d7 wp-block-columns-is-layout-flex\">\n<div class=\"wp-block-column is-layout-flow wp-block-column-is-layout-flow\">\n<section class=\"wp-block-themepark-block-themepark-imgtext thempark-block themepark_imgtext updonwmodle padingmodle leftright moveupd  undefined nohover\" style=\"\"><div class=\"themepark_imgtext_text\" style=\"width:7%;text-align:left;\" data-swiper-parallax=\"-1600\">\n<div class=\"wp-block-column is-layout-flow wp-block-column-is-layout-flow\">\n<div class=\"wp-block-themepark-block-themepark-wright content-super-p\" style=\"font-size:16px;line-height:32px;padding:10px 0px;\">\n<div class=\"wp-block-column is-layout-flow wp-block-column-is-layout-flow\">\n<h2 class=\"wp-block-heading has-monte-grey-color has-text-color has-large-font-size\">\u65b9\u6848\u4f18\u52bf<\/h2>\n\n\n\n<p><\/p>\n\n\n\n<p>\u8be5\u65b9\u6848\u6574\u7ebf OEE \u7a33\u5b9a\u5728 85% \u4ee5\u4e0a\uff0c\u6bcf\u5c0f\u65f6\u4ea7\u80fd\u53ef\u8fbe 600 \u53f0\uff0c\u6548\u7387\u8f83\u4eba\u5de5\u7ebf\u63d0\u5347 3-5 \u500d\uff0c\u51cf\u5c11 60% \u4ee5\u4e0a\u4eba\u5de5\u53c2\u4e0e\uff0c\u6709\u6548\u964d\u4f4e\u4ea7\u54c1\u4e0d\u826f\u7387\uff1b\u6a21\u5757\u5316\u8bbe\u8ba1\u652f\u6301 20 \u5206\u949f\u5185\u5feb\u901f\u6362\u578b\uff0c\u53ef\u517c\u5bb9\u591a\u9886\u57df\u4e0d\u540c\u89c4\u683c\u65e0\u5237\u7535\u673a\u6df7\u7ebf\u751f\u4ea7\uff0c\u517c\u987e\u89c4\u6a21\u5316\u4ea7\u80fd\u4e0e\u67d4\u6027\u5236\u9020\u9700\u6c42\u3002<\/p>\n<\/div>\n<\/div>\n<\/div>\n<\/div><div class=\"themepark_imgtext_img\" style=\"width:90%;text-align:left;\" data-swiper-parallax=\"-1800\"><img class=\"lazyload  swiper-lazy swiper-move-lazy\" style=\"\" data-src=\"http:\/\/www.motorassembly.com\/wp-content\/uploads\/2026\/04\/\u65e0\u5237\u7535\u673a\u81ea\u52a8\u5316\u751f\u4ea7\u8bbe\u5907.jpg\" alt=\"\u00c9quipement de production automatis\u00e9 \u00e0 moteur sans balais\"\/><\/div><div class=\"themepark_imgtext_ba\" style=\"opacity:1;\"><\/div><\/section>\n<\/div>\n\n\n\n<div class=\"wp-block-column is-layout-flow wp-block-column-is-layout-flow\">\n<section class=\"wp-block-themepark-block-themepark-imgtext thempark-block themepark_imgtext updonwmodle padingmodle moveupd  undefined nohover\" style=\"\"><div class=\"themepark_imgtext_img\" style=\"width:46%;text-align:left;\" data-swiper-parallax=\"-1800\"><img class=\"lazyload  swiper-lazy swiper-move-lazy\" style=\"\" data-src=\"http:\/\/www.motorassembly.com\/wp-content\/uploads\/2026\/04\/\u65e0\u5237\u7535\u673a\u81ea\u52a8\u5316.jpg\" alt=\"JiuJi Automation - Ligne de production pour l&#039;automatisation des moteurs sans balais\"\/><\/div><div class=\"themepark_imgtext_text\" style=\"width:51%;text-align:left;\" data-swiper-parallax=\"-1600\">\n<div class=\"wp-block-column is-layout-flow wp-block-column-is-layout-flow\">\n<p class=\"has-small-font-size\"><\/p>\n\n\n\n<p><\/p>\n\n\n\n<div class=\"wp-block-themepark-block-themepark-wright content-super-p\" style=\"font-size:16px;line-height:32px;padding:10px 31px;\">\n<div class=\"wp-block-column is-layout-flow wp-block-column-is-layout-flow\">\n<h2 class=\"wp-block-heading has-monte-grey-color has-text-color has-large-font-size\">\u6838\u5fc3\u53c2\u6570<\/h2>\n\n\n\n<p>\u6211\u4eec\u662f\u62e5\u6709\u8bbe\u8ba1\u3001\u7814\u53d1\u3001\u751f\u4ea7\u3001\u552e\u540e\u80fd\u529b\u7684\u7535\u673a\u81ea\u52a8\u5316\u751f\u4ea7\u7ebf\u5236\u9020\uff0c\u53ef\u5b9e\u73b0\u67d4\u6027\u5316\u667a\u80fd\u7ec4\u88c5\uff0c\u6309\u9700\u975e\u6807\u5b9a\u5236<\/p>\n\n\n\n<section class=\"wp-block-themepark-block-themepark-listbox thempark-block themepark_listbox\" style=\"padding-top:5px;text-align:left;\"><ul class=\"themepark_listbox_list\" style=\"padding-left:0%;padding-right:2%;\"><li style=\"color:#272727;font-size:16px;line-height:26px;margin-bottom:3px;padding-left:31px;\"><i class=\"fas fa-check-square\" style=\"line-height:26px\"><\/i><span>\u7535\u7f38\u4f4d\u7f6e\u91cd\u590d\u5b9a\u4f4d\u7cbe\u5ea6:0.02mm<\/span><\/li><li style=\"color:#272727;font-size:16px;line-height:26px;margin-bottom:3px;padding-left:31px;\"><i class=\"fas fa-check-square\" style=\"line-height:26px\"><\/i><span>\u4f3a\u670d\u6a21\u7ec4\u642c\u8fd0\u5b9a\u4f4d\u7cbe\u5ea6:0.03mm<\/span><\/li><li style=\"color:#272727;font-size:16px;line-height:26px;margin-bottom:3px;padding-left:31px;\"><i class=\"fas fa-check-square\" style=\"line-height:26px\"><\/i><span>\u5de5\u88c5\u6258\u76d8\u517c\u5bb9\u591a\u6b3e\u4ea7\u54c1,\u8bbe\u5907\u6362\u578b\u65f6\u95f425\u5206<\/span><\/li><li style=\"color:#272727;font-size:16px;line-height:26px;margin-bottom:3px;padding-left:31px;\"><i class=\"fas fa-check-square\" style=\"line-height:26px\"><\/i><span>\u7535\u673a\u78e8\u5408\u5de5\u4f4d\u91c7\u7528\u7a0b\u63a7\u7535\u6e90\uff0c\u53ef\u7a0b\u5e8f\u5207\u6362\u8f93\u51fa\u7535\u6e90<\/span><\/li><li style=\"color:#272727;font-size:16px;line-height:26px;margin-bottom:3px;padding-left:31px;\"><i class=\"fas fa-check-square\" style=\"line-height:26px\"><\/i><span>\u8bbe\u5907\u914d\u7f6e\u5b89\u5168\u5149\u6805\u3001\u5b89\u5168\u95e8\u9501\u7b49\u8fdb\u884c\u4eba\u8eab\u5b89\u5168\u9632\u62a4<\/span><\/li><li style=\"color:#272727;font-size:16px;line-height:26px;margin-bottom:3px;padding-left:31px;\"><i class=\"fas fa-check-square\" style=\"line-height:26px\"><\/i><span>\u9ad8\u7cbe\u5ea6\u4f20\u611f\u5668\u3001\u89c6\u89c9\u68c0\u6d4b\u7cfb\u7edf\u7b49\uff0c\u9632\u6f0f\u88c5\u3001\u5c11\u88c5\u3001\u9519\u88c5\u53ca\u5b89\u88c5\u540e\u8d28\u91cf\u68c0\u6d4b<\/span><\/li><\/ul><div class=\"themepark_listbox_ba\" style=\"opacity:1;\"><\/div><\/section>\n<\/div>\n<\/div>\n<\/div>\n<\/div><div class=\"themepark_imgtext_ba\" style=\"opacity:1;\"><\/div><\/section>\n<\/div>\n<\/div>\n<\/div>\n<\/div><div class=\"layout_badh\"><\/div><\/section>\n\n\n\n<section class=\"wp-block-themepark-block-themepark-area block_layout thempark-block undefined\" id=\"\" style=\"padding-bottom:21px;\" data-swiper-parallax=\"-700\"><div class=\"block_layout_in\" style=\"\"><div class=\"post_in_list_head modle_title2\"><h2><span style=\"color:#000000;font-size:39px;\" class=\"main-title\">\u4ea7\u54c1\u63a8\u8350<\/span><\/h2><div class=\"title_boout\"><div class=\"title_bo\" style=\"border-bottom:1px solid #ccc;\"><\/div><\/div><\/div>\n<div class=\"wp-block-column block_layout_in is-layout-flow wp-block-column-is-layout-flow\"><div class=\"product_loop  zhong  radius   mian_loop\" id=\"pro_list_4\"><div class=\"product_post   h_w\" ><a href=\"https:\/\/www.motorassembly.com\/fr\/product\/2195.html\" class=\"product_pic postatty\" ><img loading=\"lazy\" decoding=\"async\" class=\"lazyload\" src=\"https:\/\/www.motorassembly.com\/wp-content\/themes\/smartenterprise\/images\/loadings.png\" data-src=\"https:\/\/www.motorassembly.com\/wp-content\/uploads\/2026\/01\/\u4e45\u5de8-\u5185\u8f6c\u5b50\u81ea\u52a8\u70b9\u80f6\u63d2\u78c1\u94a2\u673a.jpg\" width=\"630\" height=\"630\" alt=\"Machine \u00e0 aimant de distribution et d&#039;insertion automatique \u00e0 rotor interne\" title=\"Machine \u00e0 aimant de distribution et d&#039;insertion automatique \u00e0 rotor interne\"\/><\/a><div class=\"product_info\"><h3 class=\"pro_title\"><a href=\"https:\/\/www.motorassembly.com\/fr\/product\/2195.html\">Machine \u00e0 aimant de distribution et d'insertion automatique \u00e0 rotor interne<\/a><\/h3><p class=\"des\">\u7535\u673a\u81ea\u52a8\u63d2\u78c1\u94a2\u673a\u4e13\u4e1a\u5236\u9020\u5546\uff0c\u8bbe\u5907\u91c7\u7528\u9ad8\u7cbe\u5ea6\u5b9a\u4f4d\u7cfb\u7edf\uff0c\u81ea\u52a8\u5b8c\u6210\u78c1\u94a2\u6293\u53d6\u3001\u63d2\u5165\u3001\u538b\u7d27\u7b49\u5de5\u5e8f\uff0c\u9002\u914d\u4e0d\u540c\u89c4\u683c\u7535\u673a\u78c1\u94a2\u63d2\u88c5\uff0c\u63d2\u88c5\u7cbe\u5ea6\u9ad8\uff0c\u7a33\u5b9a\u6027\u5f3a\uff0c\u66ff\u4ee3\u4eba\u5de5\u64cd\u4f5c\uff0c\u5927\u5e45\u63d0\u5347\u751f\u4ea7\u6548\u7387\uff0c\u964d\u4f4e\u52b3\u52a8\u5f3a\u5ea6\uff0c\u652f\u6301\u5b9a\u5236\uff0c\u552e\u540e\u5b8c\u5584\uff01<\/p><a  class=\"probtn\"href=\"https:\/\/www.motorassembly.com\/fr\/product\/2195.html\"><i class=\"fas fa-chevron-circle-right\"><\/i>\u8be6\u7ec6\u4fe1\u606f<\/a><\/div><\/div><div class=\"product_post   h_w\" ><a href=\"https:\/\/www.motorassembly.com\/fr\/product\/2190.html\" class=\"product_pic postatty\" ><img loading=\"lazy\" decoding=\"async\" class=\"lazyload\" src=\"https:\/\/www.motorassembly.com\/wp-content\/themes\/smartenterprise\/images\/loadings.png\" data-src=\"https:\/\/www.motorassembly.com\/wp-content\/uploads\/2026\/01\/\u4e45\u5de8-\u5f02\u578b\u7535\u673a\u8f6c\u5b50\u81ea\u52a8\u63d2\u78c1\u94a2\u673a.jpg\" width=\"630\" height=\"630\" alt=\"Machine automatique d&#039;insertion d&#039;aimant pour rotor de moteur fa\u00e7onn\u00e9\" title=\"Machine automatique d&#039;insertion d&#039;aimant pour rotor de moteur fa\u00e7onn\u00e9\"\/><\/a><div class=\"product_info\"><h3 class=\"pro_title\"><a href=\"https:\/\/www.motorassembly.com\/fr\/product\/2190.html\">Machine automatique d'insertion d'aimant pour rotor de moteur fa\u00e7onn\u00e9<\/a><\/h3><p class=\"des\">\u7535\u673a\u81ea\u52a8\u63d2\u78c1\u94a2\u673a\u4e13\u4e1a\u5236\u9020\u5546\uff0c\u8bbe\u5907\u91c7\u7528\u9ad8\u7cbe\u5ea6\u5b9a\u4f4d\u7cfb\u7edf\uff0c\u81ea\u52a8\u5b8c\u6210\u78c1\u94a2\u6293\u53d6\u3001\u63d2\u5165\u3001\u538b\u7d27\u7b49\u5de5\u5e8f\uff0c\u9002\u914d\u4e0d\u540c\u89c4\u683c\u7535\u673a\u78c1\u94a2\u63d2\u88c5\uff0c\u63d2\u88c5\u7cbe\u5ea6\u9ad8\uff0c\u7a33\u5b9a\u6027\u5f3a\uff0c\u66ff\u4ee3\u4eba\u5de5\u64cd\u4f5c\uff0c\u5927\u5e45\u63d0\u5347\u751f\u4ea7\u6548\u7387\uff0c\u964d\u4f4e\u52b3\u52a8\u5f3a\u5ea6\uff0c\u652f\u6301\u5b9a\u5236\uff0c\u552e\u540e\u5b8c\u5584\uff01<\/p><a  class=\"probtn\"href=\"https:\/\/www.motorassembly.com\/fr\/product\/2190.html\"><i class=\"fas fa-chevron-circle-right\"><\/i>\u8be6\u7ec6\u4fe1\u606f<\/a><\/div><\/div><div class=\"product_post   h_w\" ><a href=\"https:\/\/www.motorassembly.com\/fr\/product\/2185.html\" class=\"product_pic postatty\" ><img loading=\"lazy\" decoding=\"async\" class=\"lazyload\" src=\"https:\/\/www.motorassembly.com\/wp-content\/themes\/smartenterprise\/images\/loadings.png\" data-src=\"https:\/\/www.motorassembly.com\/wp-content\/uploads\/2026\/01\/\u4e45\u5de8-\u7535\u673a\u8868\u78c1\u68c0\u6d4b\u8bbe\u5907.jpg\" width=\"630\" height=\"630\" alt=\"Machine d&#039;inspection du magn\u00e9tisme du rotor du moteur\" title=\"Machine d&#039;inspection du magn\u00e9tisme du rotor du moteur\"\/><\/a><div class=\"product_info\"><h3 class=\"pro_title\"><a href=\"https:\/\/www.motorassembly.com\/fr\/product\/2185.html\">Machine d'inspection du magn\u00e9tisme du rotor du moteur<\/a><\/h3><p class=\"des\">\u7535\u673a\u81ea\u52a8\u63d2\u78c1\u94a2\u673a\u4e13\u4e1a\u5236\u9020\u5546\uff0c\u8bbe\u5907\u91c7\u7528\u9ad8\u7cbe\u5ea6\u5b9a\u4f4d\u7cfb\u7edf\uff0c\u81ea\u52a8\u5b8c\u6210\u78c1\u94a2\u6293\u53d6\u3001\u63d2\u5165\u3001\u538b\u7d27\u7b49\u5de5\u5e8f\uff0c\u9002\u914d\u4e0d\u540c\u89c4\u683c\u7535\u673a\u78c1\u94a2\u63d2\u88c5\uff0c\u63d2\u88c5\u7cbe\u5ea6\u9ad8\uff0c\u7a33\u5b9a\u6027\u5f3a\uff0c\u66ff\u4ee3\u4eba\u5de5\u64cd\u4f5c\uff0c\u5927\u5e45\u63d0\u5347\u751f\u4ea7\u6548\u7387\uff0c\u964d\u4f4e\u52b3\u52a8\u5f3a\u5ea6\uff0c\u652f\u6301\u5b9a\u5236\uff0c\u552e\u540e\u5b8c\u5584\uff01<\/p><a  class=\"probtn\"href=\"https:\/\/www.motorassembly.com\/fr\/product\/2185.html\"><i class=\"fas fa-chevron-circle-right\"><\/i>\u8be6\u7ec6\u4fe1\u606f<\/a><\/div><\/div><div class=\"product_post   h_w\" ><a href=\"https:\/\/www.motorassembly.com\/fr\/product\/1348.html\" class=\"product_pic postatty\" ><img loading=\"lazy\" decoding=\"async\" class=\"lazyload\" src=\"https:\/\/www.motorassembly.com\/wp-content\/themes\/smartenterprise\/images\/loadings.png\" data-src=\"https:\/\/www.motorassembly.com\/wp-content\/uploads\/2026\/01\/\u4e45\u5de8-\u5916\u8f6c\u5b50\u81ea\u52a8\u70b9\u80f6\u63d2\u78c1\u94a2\u673a.jpg\" width=\"630\" height=\"630\" alt=\"Machine de distribution et d&#039;insertion automatique d&#039;aimants \u00e0 rotor ext\u00e9rieur\" title=\"Machine de distribution et d&#039;insertion automatique d&#039;aimants \u00e0 rotor ext\u00e9rieur\"\/><\/a><div class=\"product_info\"><h3 class=\"pro_title\"><a href=\"https:\/\/www.motorassembly.com\/fr\/product\/1348.html\">Machine de distribution et d'insertion automatique d'aimants \u00e0 rotor ext\u00e9rieur<\/a><\/h3><p class=\"des\">\u7535\u673a\u81ea\u52a8\u63d2\u78c1\u94a2\u673a\u4e13\u4e1a\u5236\u9020\u5546\uff0c\u8bbe\u5907\u91c7\u7528\u9ad8\u7cbe\u5ea6\u5b9a\u4f4d\u7cfb\u7edf\uff0c\u81ea\u52a8\u5b8c\u6210\u78c1\u94a2\u6293\u53d6\u3001\u63d2\u5165\u3001\u538b\u7d27\u7b49\u5de5\u5e8f\uff0c\u9002\u914d\u4e0d\u540c\u89c4\u683c\u7535\u673a\u78c1\u94a2\u63d2\u88c5\uff0c\u63d2\u88c5\u7cbe\u5ea6\u9ad8\uff0c\u7a33\u5b9a\u6027\u5f3a\uff0c\u66ff\u4ee3\u4eba\u5de5\u64cd\u4f5c\uff0c\u5927\u5e45\u63d0\u5347\u751f\u4ea7\u6548\u7387\uff0c\u964d\u4f4e\u52b3\u52a8\u5f3a\u5ea6\uff0c\u652f\u6301\u5b9a\u5236\uff0c\u552e\u540e\u5b8c\u5584\uff01<\/p><a  class=\"probtn\"href=\"https:\/\/www.motorassembly.com\/fr\/product\/1348.html\"><i class=\"fas fa-chevron-circle-right\"><\/i>\u8be6\u7ec6\u4fe1\u606f<\/a><\/div><\/div><\/div><\/div>\n<\/div><div class=\"layout_badh\"><\/div><\/section>\n\n\n\n<section class=\"wp-block-themepark-block-themepark-area block_layout thempark-block undefined\" id=\"\" style=\"padding-bottom:34px;\" data-swiper-parallax=\"-700\"><div class=\"block_layout_in\" style=\"\"><div class=\"post_in_list_head modle_title2\"><h2><span style=\"color:#000000;font-size:39px;\" class=\"main-title\">Cas vid\u00e9o<\/span><\/h2><div class=\"title_boout\"><div class=\"title_bo\" style=\"border-bottom:1px solid #ccc;\"><\/div><\/div><\/div>\n<div class=\"wp-block-column block_layout_in is-layout-flow wp-block-column-is-layout-flow\"><div class=\"product_loop  zhong  radius   mian_loop\" id=\"pro_list_4\"><div class=\"product_post   h_w\" ><a href=\"https:\/\/www.motorassembly.com\/fr\/video-case\/2447.html\" class=\"product_pic postatty\" ><img loading=\"lazy\" decoding=\"async\" class=\"lazyload\" src=\"https:\/\/www.motorassembly.com\/wp-content\/themes\/smartenterprise\/images\/loadings.png\" data-src=\"https:\/\/www.motorassembly.com\/wp-content\/uploads\/2026\/03\/\u6c7d\u8f66\u5ea7\u6905\u7535\u673a\u81ea\u52a8\u5316\u751f\u4ea7\u7ebf.jpg\" width=\"1000\" height=\"500\" alt=\"JiuJu vous emm\u00e8ne d\u00e9monter au ralenti la cha\u00eene de production automatis\u00e9e d&#039;un moteur automobile.\" title=\"JiuJu vous emm\u00e8ne d\u00e9monter au ralenti la cha\u00eene de production automatis\u00e9e d&#039;un moteur automobile.\"\/><\/a><div class=\"product_info\"><h3 class=\"pro_title\"><a href=\"https:\/\/www.motorassembly.com\/fr\/video-case\/2447.html\">JiuJu vous emm\u00e8ne d\u00e9monter au ralenti la cha\u00eene de production automatis\u00e9e d'un moteur automobile.<\/a><\/h3><p class=\"des\">\u955c\u5934\u62c6\u89e3\u6c7d\u8f66\u53d1\u52a8\u673a\u7535\u673a\u81ea\u52a8\u5316\u751f\u4ea7\u7ebf\uff0c\u6bcf\u4e00\u6b65\u90fd\u85cf\u7740\u7cbe\u5bc6\u5de5\u827a \u6162\u52a8\u4f5c\u4e0b\u770b\u673a\u68b0\u81c2\u7684\u8d70\u4f4d\u7cbe\u5ea6\u3001\u5de5\u88c5\u5939\u5177\u7684\u534f\u540c\u6548\u7387\uff0c\u76f4\u89c2\u611f\u53d7\u5de5\u4e1a\u81ea\u52a8\u5316\u5982\u4f55\u89e3\u51b3\u4eba\u5de5\u88c5\u914d\u7684\u4e00\u81f4\u6027\u96be\u9898<\/p><a  class=\"probtn\"href=\"https:\/\/www.motorassembly.com\/fr\/video-case\/2447.html\"><i class=\"fas fa-chevron-circle-right\"><\/i>\u8be6\u7ec6\u4fe1\u606f<\/a><\/div><\/div><div class=\"product_post   h_w\" ><a href=\"https:\/\/www.motorassembly.com\/fr\/video-case\/2443.html\" class=\"product_pic postatty\" ><img loading=\"lazy\" decoding=\"async\" class=\"lazyload\" src=\"https:\/\/www.motorassembly.com\/wp-content\/themes\/smartenterprise\/images\/loadings.png\" data-src=\"https:\/\/www.motorassembly.com\/wp-content\/uploads\/2026\/03\/\u4e45\u5de8-\u7535\u673a\u81ea\u52a8\u63d2\u78c1\u94a2\u673a\u5de5\u4e1a\u7ec4\u88c5\u6d41\u7a0b.jpg\" width=\"1000\" height=\"500\" alt=\"Insertion d&#039;un aimant dans un moteur L&#039;insertion d&#039;un aimant dans une machine pose toujours des probl\u00e8mes ? Une vid\u00e9o vous pr\u00e9sente le processus d&#039;insertion d&#039;un aimant...\" title=\"Insertion d&#039;un aimant dans un moteur L&#039;insertion d&#039;un aimant dans une machine pose toujours des probl\u00e8mes ? Une vid\u00e9o vous pr\u00e9sente le processus d&#039;insertion d&#039;un aimant...\"\/><\/a><div class=\"product_info\"><h3 class=\"pro_title\"><a href=\"https:\/\/www.motorassembly.com\/fr\/video-case\/2443.html\">\u7535\u673a\u63d2\u78c1\u7eb2\u673a\u63d2\u78c1\u603b\u51fa\u95ee\u9898\uff1f\u4e00\u4e2a\u89c6\u9891\u5e26\u4f60\u5b8c\u6210\u63d2\u78c1\u5de5\u827a\u6d41\u7a0b\uff01<\/a><\/h3><p class=\"des\">\u89c6\u9891\u5c06\u4ece\u8bbe\u5907\u8c03\u8bd5\u3001\u78c1\u94a2\u9884\u5904\u7406\u3001\u7cbe\u51c6\u4e0a\u6599\u5b9a\u4f4d\uff0c\u5230\u89c4\u8303\u63d2\u88c5\u3001\u4fdd\u538b\u56fa\u5316\u3001\u6210\u54c1\u6821\u9a8c\u5168\u6d41\u7a0b\u62c6\u89e3\uff0c\u624b\u628a\u624b\u8bb2\u89e3\u5173\u952e\u64cd\u4f5c\u7ec6\u8282\u3001\u8bbe\u5907\u53c2\u6570\u8c03\u6821\u6280\u5de7\uff0c\u9488\u5bf9\u6027\u7834\u89e3\u5404\u7c7b\u63d2\u78c1\u5e38\u89c1\u6545\u969c\uff0c\u517c\u987e\u65b0\u624b\u5165\u95e8\u4e0e\u8001\u624b\u8fdb\u9636\uff0c\u4e0d\u7ba1\u662f\u6279\u91cf\u91cf\u4ea7\u8fd8\u662f\u5c0f\u6279\u6b21\u52a0\u5de5\uff0c\u90fd\u80fd\u8ddf\u7740\u89c6\u9891\u89c4\u8303\u4f5c\u4e1a\uff0c\u544a\u522b\u63d2\u78c1\u5931\u8bef\uff0c\u63d0\u5347\u5de5\u5e8f\u5408\u683c\u7387\uff0c\u9ad8\u6548\u641e\u5b9a\u7535\u673a\u63d2\u78c1\u94a2\u5de5\u5e8f\uff0c\u7b51\u7262\u7535\u673a\u751f\u4ea7\u8d28\u91cf\u6839\u57fa\u3002<\/p><a  class=\"probtn\"href=\"https:\/\/www.motorassembly.com\/fr\/video-case\/2443.html\"><i class=\"fas fa-chevron-circle-right\"><\/i>\u8be6\u7ec6\u4fe1\u606f<\/a><\/div><\/div><div class=\"product_post   h_w\" ><a href=\"https:\/\/www.motorassembly.com\/fr\/motor-magnetization-machine\/1932.html\" class=\"product_pic postatty\" ><img loading=\"lazy\" decoding=\"async\" class=\"lazyload\" src=\"https:\/\/www.motorassembly.com\/wp-content\/themes\/smartenterprise\/images\/loadings.png\" data-src=\"https:\/\/www.motorassembly.com\/wp-content\/uploads\/2026\/01\/\u7535\u673a\u5145\u78c1\u673a-2.jpg\" width=\"1000\" height=\"500\" alt=\"Application du magn\u00e9tiseur de moteurs de compresseurs d&#039;air \u00e0 quatre stations : la magn\u00e9tisation \u00e0 haut rendement...\" title=\"Application du magn\u00e9tiseur de moteurs de compresseurs d&#039;air \u00e0 quatre stations : la magn\u00e9tisation \u00e0 haut rendement...\"\/><\/a><div class=\"product_info\"><h3 class=\"pro_title\"><a href=\"https:\/\/www.motorassembly.com\/fr\/motor-magnetization-machine\/1932.html\">\u56db\u5de5\u4f4d\u7a7a\u538b\u673a\u7535\u673a\u5145\u78c1\u673a\u5e94\u7528\u6848\u4f8b\uff1a\u9ad8\u6548\u5145\u78c1\u8d4b\u80fd\u7535\u673a\u751f\u4ea7\u7ebf\u63d0\u8d28\u964d\u672c<\/a><\/h3><p class=\"des\">\u8bbe\u5907\u91c7\u7528\u56db\u5de5\u4f4d\u73af\u5f62\u5e03\u5c40\uff0c\u53ef\u540c\u6b65\u5b8c\u6210\u7535\u673a\u8f6c\u5b50\u7684\u4e0a\u6599\u3001\u5145\u78c1\u3001\u78c1\u6027\u80fd\u68c0\u6d4b\u3001\u4e0b\u6599\u5de5\u5e8f\uff0c\u5355\u53f0\u8bbe\u5907\u6bcf\u5c0f\u65f6\u53ef\u5b8c\u6210\u8d85 4500 \u4ef6\u7535\u673a\u8f6c\u5b50\u5145\u78c1\uff0c\u76f8\u6bd4\u4f20\u7edf\u5355\u5de5\u4f4d\u8bbe\u5907\u6548\u7387\u63d0\u5347400%<\/p><a  class=\"probtn\"href=\"https:\/\/www.motorassembly.com\/fr\/motor-magnetization-machine\/1932.html\"><i class=\"fas fa-chevron-circle-right\"><\/i>\u8be6\u7ec6\u4fe1\u606f<\/a><\/div><\/div><div class=\"product_post   h_w\" ><a href=\"https:\/\/www.motorassembly.com\/fr\/video-case\/1776.html\" class=\"product_pic postatty\" ><img loading=\"lazy\" decoding=\"async\" class=\"lazyload\" src=\"https:\/\/www.motorassembly.com\/wp-content\/themes\/smartenterprise\/images\/loadings.png\" data-src=\"https:\/\/www.motorassembly.com\/wp-content\/uploads\/2026\/01\/\u7535\u673a\u8f6c\u5b50\u6d78\u80f6\u673a.jpg\" width=\"1000\" height=\"500\" alt=\"Bulle de trempage \u00e0 moteur artificiel : comment faire ? JiuJu motor rotor dipping machine Ultimate ...\" title=\"Bulle de trempage \u00e0 moteur artificiel : comment faire ? JiuJu motor rotor dipping machine Ultimate ...\"\/><\/a><div class=\"product_info\"><h3 class=\"pro_title\"><a href=\"https:\/\/www.motorassembly.com\/fr\/video-case\/1776.html\">\u4eba\u5de5\u7535\u673a\u6d78\u80f6\u6c14\u6ce1\u591a\u600e\u4e48\u529e\uff1f\u4e45\u5de8\u7535\u673a\u8f6c\u5b50\u6d78\u80f6\u673a \u7ec8\u7ed3\u7535\u673a\u751f\u4ea7\u5de5\u827a\u56f0\u5c40<\/a><\/h3><p class=\"des\">\u81ea\u52a8\u5316\u65b9\u6848\u7ec8\u7ed3\u7535\u673a\u8f6c\u5b50\u751f\u4ea7\u56f0\u5c40\uff01 \u81ea\u52a8\u5316\u89e3\u51b3\u65b9\u6848\u9488\u5bf9\u6027\u7834\u5c40\uff1a\u901a\u8fc7\u667a\u80fd\u63a7\u80f6\u7cfb\u7edf + \u771f\u7a7a\u6d78\u80f6\u6280\u672f\uff0c\u675c\u7edd\u6c14\u6ce1\u548c\u9519\u6f0f\uff0c\u4ea7\u51fa\u7684\u8f6c\u5b50\u6027\u80fd\u66f4\u7a33\u5b9a\uff0c\u5b9e\u73b099%\u826f\u54c1\u7387\u3002#\u7535\u673a\u81ea\u52a8\u5316\u8bbe\u5907<\/p><a  class=\"probtn\"href=\"https:\/\/www.motorassembly.com\/fr\/video-case\/1776.html\"><i class=\"fas fa-chevron-circle-right\"><\/i>\u8be6\u7ec6\u4fe1\u606f<\/a><\/div><\/div><\/div><\/div>\n<\/div><div class=\"layout_badh\"><\/div><\/section>","protected":false},"excerpt":{"rendered":"","protected":false},"author":1,"featured_media":0,"parent":0,"menu_order":0,"comment_status":"closed","ping_status":"closed","template":"","meta":{"themepark_post_bcolor":"#f5f5f5","themepark_post_width":"1022px","themepark_post_img":"","themepark_post_img_po":"left","themepark_post_img_re":false,"themepark_post_img_cover":false,"themepark_post_img_fixed":false,"themepark_post_hide_title":true,"themepark_post_main_b":"","themepark_post_main_p":100,"themepark_paddingblock":false,"footnotes":""},"class_list":["post-2735","page","type-page","status-publish","hentry"],"_links":{"self":[{"href":"https:\/\/www.motorassembly.com\/fr\/wp-json\/wp\/v2\/pages\/2735","targetHints":{"allow":["GET"]}}],"collection":[{"href":"https:\/\/www.motorassembly.com\/fr\/wp-json\/wp\/v2\/pages"}],"about":[{"href":"https:\/\/www.motorassembly.com\/fr\/wp-json\/wp\/v2\/types\/page"}],"author":[{"embeddable":true,"href":"https:\/\/www.motorassembly.com\/fr\/wp-json\/wp\/v2\/users\/1"}],"replies":[{"embeddable":true,"href":"https:\/\/www.motorassembly.com\/fr\/wp-json\/wp\/v2\/comments?post=2735"}],"version-history":[{"count":1,"href":"https:\/\/www.motorassembly.com\/fr\/wp-json\/wp\/v2\/pages\/2735\/revisions"}],"predecessor-version":[{"id":2740,"href":"https:\/\/www.motorassembly.com\/fr\/wp-json\/wp\/v2\/pages\/2735\/revisions\/2740"}],"wp:attachment":[{"href":"https:\/\/www.motorassembly.com\/fr\/wp-json\/wp\/v2\/media?parent=2735"}],"curies":[{"name":"wp","href":"https:\/\/api.w.org\/{rel}","templated":true}]}}